{"id":523,"date":"2023-07-04T11:07:28","date_gmt":"2023-07-04T11:07:28","guid":{"rendered":"https:\/\/ASPANOGI-qecodgqk4p.live-website.com\/charlas-en-centros-educativos-2\/"},"modified":"2023-07-04T11:07:50","modified_gmt":"2023-07-04T11:07:50","slug":"charlas-en-centros-educativos-2","status":"publish","type":"page","link":"https:\/\/ASPANOGI-qecodgqk4p.live-website.com\/es\/charlas-en-centros-educativos-2\/","title":{"rendered":"Charlas en centros educativos"},"content":{"rendered":"<section class=\"u-clearfix u-section-1\" id=\"sec-3c0c\">\n      <div class=\"u-clearfix u-sheet u-sheet-1\">\n        <img decoding=\"async\" class=\"u-absolute-hcenter-xs u-expanded u-image u-image-default u-opacity u-opacity-70\" src=\"https:\/\/ASPANOGI-qecodgqk4p.live-website.com\/wp-content\/uploads\/2023\/07\/charlaEASOPOLITEKNIKA1.jpg\" alt=\"\" data-image-width=\"2000\" data-image-height=\"900\" data-lang-es=\"\" data-lang-eu=\"\">\n        <h2 class=\"u-align-center-xs u-text u-text-default u-text-white u-text-1\" data-lang-es=\"SENSIBILIZACI\u00d3N Y APOYO EN&amp;nbsp; CENTROS EDUCATIVOS\" data-lang-eu=\"\u200bSENTSIBILIZAZIOA ETA LAGUNTZA IKASTETXEETAN\"> SENTSIBILIZAZIOA ETA LAGUNTZA IKASTETXEETAN<\/h2>\n      <\/div>\n    <\/section>\n    <section class=\"u-clearfix u-section-2\" id=\"sec-d968\">\n      <div class=\"u-clearfix u-sheet u-valign-middle-xs u-sheet-1\">\n        <h2 class=\"u-align-center-sm u-align-center-xs u-text u-text-default u-text-1\" data-lang-es=\"Sensibilizaci\u00f3n y apoyo en centros educativos\" data-lang-eu=\"\u200bSentsibilizazioa eta laguntza ikastetxeetan\"> Sentsibilizazioa eta laguntza ikastetxeetan<\/h2>\n        <h3 class=\"u-align-center u-text u-text-2\" data-lang-es=\"\u200bEn <span class=&quot;u-text-custom-color-2&quot;>ASPANOGI<\/span> ofrecemos&amp;nbsp;apoyo y orientaci\u00f3n&amp;nbsp;a los diferentes centros educativos que lo soliciten, bien porque tienen alg\u00fan caso de c\u00e1ncer infantil o simplemente porque quieren informaci\u00f3n o formaci\u00f3n para ayudar al profesorado en como gestionar la delicada situaci\u00f3n.<br><br>Ofrecemos charlas personalizadas dependiendo de la edad de las y los menores as\u00ed como material de apoyo a los centros educativos y orientaci\u00f3n al profesorado de menores oncol\u00f3gicos sobre el manejo de las diferentes situaciones que puedan darse en el aula a lo largo del transcurso de la enfermedad.<br>\" data-lang-eu=\"\u200b\u200b<span class=&quot;u-text-custom-color-2&quot;>ASPANOGI<\/span>n laguntza eta orientazioa eskaintzen diegu hala eskatzen duten ikastetxeei, haurren minbizi kasuren bat dutelako edo, besterik gabe, irakasleei egoera delikatua kudeatzen laguntzeko informazioa edo prestakuntza nahi dutelako.<br><br>Adingabeen adinaren araberako hitzaldi pertsonalizatuak eskaintzen ditugu, bai eta ikastetxeei laguntzeko materiala eta adingabe onkologikoen irakasleei zuzendutako orientabidea ere, gaixotasunak iraun bitartean ikasgelan gerta daitezkeen egoerei buruz.<br>\">\n          <span class=\"u-text-custom-color-2\">ASPANOGI<\/span>n laguntza eta orientazioa eskaintzen diegu hala eskatzen duten ikastetxeei, haurren minbizi kasuren bat dutelako edo, besterik gabe, irakasleei egoera delikatua kudeatzen laguntzeko informazioa edo prestakuntza nahi dutelako. <br>\n          <br>Adingabeen adinaren araberako hitzaldi pertsonalizatuak eskaintzen ditugu, bai eta ikastetxeei laguntzeko materiala eta adingabe onkologikoen irakasleei zuzendutako orientabidea ere, gaixotasunak iraun bitartean ikasgelan gerta daitezkeen egoerei buruz.<br>\n        <\/h3>\n        <img decoding=\"async\" class=\"u-expanded-width-xs u-image u-image-default u-image-1\" src=\"https:\/\/ASPANOGI-qecodgqk4p.live-website.com\/wp-content\/uploads\/2023\/07\/Zurriola2.jpg\" alt=\"\" data-image-width=\"1600\" data-image-height=\"1200\" data-lang-es=\"\" data-lang-eu=\"\">\n        <h3 class=\"u-align-center u-text u-text-3\" data-lang-es=\"Todos los a\u00f1os tenemos varias actividades para centros educativos para, poco a poco, hacer desaparecer ese tab\u00fa que hay respecto al c\u00e1ncer infantil y sensibilizar a la ciudadan\u00eda, como por ejemplo el mes de <span class=&quot;u-text-palette-3-base&quot;>Sensibilizaci\u00f3n del C\u00e1ncer Infantil<\/span> (Septiembre).&amp;nbsp;\" data-lang-eu=\"\u200bUrtero hainbat jarduera izaten ditugu ikastetxeentzat, pixkanaka, haurren minbiziari buruz dagoen tabu hori desagerrarazteko eta herritarrak sentsibilizatzeko, <span class=&quot;u-text-palette-3-base&quot;>Haurren Minbiziari buruzko Sentsibilizazio hilabetea<\/span> (Iraila), adibidez.\"> Urtero hainbat jarduera izaten ditugu ikastetxeentzat, pixkanaka, haurren minbiziari buruz dagoen tabu hori desagerrarazteko eta herritarrak sentsibilizatzeko, <span class=\"u-text-palette-3-base\">Haurren Minbiziari buruzko Sentsibilizazio hilabetea<\/span> (Iraila), adibidez.\n        <\/h3>\n      <\/div>\n    <\/section>\n    <section class=\"u-align-center u-clearfix u-section-3\" id=\"sec-736a\">\n      <div class=\"u-clearfix u-sheet u-sheet-1\">\n        <h4 class=\"u-text u-text-default-lg u-text-default-md u-text-default-sm u-text-default-xl u-text-1\" data-lang-es=\"Para socilitar informaci\u00f3n rellene el siguiente formulario\" data-lang-eu=\"Informazio gehigarria behar badezu, mesedez harremanetan jarri\">Informazio gehigarria behar badezu, mesedez harremanetan jarri<\/h4>\n        <div class=\"u-border-2 u-border-custom-color-2 u-expanded-width-xs u-form u-radius-10 u-form-1\">\n          <form action=\"https:\/\/forms.nicepagesrv.com\/v2\/form\/process\" class=\"u-clearfix u-form-spacing-15 u-form-vertical u-inner-form\" style=\"padding: 15px;\" source=\"email\" name=\"form\">\n            <div class=\"u-form-group u-form-name u-label-none\">\n              <label class=\"u-label\" data-lang-es=\"Name\" data-lang-eu=\"Name\">Name<\/label>\n              <input type=\"text\" placeholder=\"Izena\" id=\"name-6797\" name=\"name\" class=\"u-input u-input-rectangle\" required=\"\" data-lang-es=\"Nombre\" data-lang-eu=\"Izena\">\n            <\/div>\n            <div class=\"u-form-email u-form-group u-label-none\">\n              <label class=\"u-label\" data-lang-es=\"Email\" data-lang-eu=\"Email\">Email<\/label>\n              <input type=\"email\" placeholder=\"Email\" id=\"email-6797\" name=\"email\" class=\"u-input u-input-rectangle\" required=\"\" data-lang-es=\"Email\" data-lang-eu=\"Email\">\n            <\/div>\n            <div class=\"u-form-group u-form-message u-label-none\">\n              <label class=\"u-label\" data-lang-es=\"Address\" data-lang-eu=\"Address\">Address<\/label>\n              <textarea placeholder=\"Kontsulta\" id=\"message-6797\" name=\"message\" class=\"u-input u-input-rectangle\" required=\"\" data-lang-es=\"Consulta\" data-lang-eu=\"Kontsulta\"><\/textarea>\n            <\/div>\n            <div class=\"u-align-center u-form-group u-form-submit u-label-none\">\n              <input type=\"submit\" value=\"submit\" class=\"u-form-control-hidden\">\n              <a href=\"#\" class=\"u-border-2 u-border-active-custom-color-2 u-border-custom-color-2 u-border-hover-custom-color-2 u-btn u-btn-round u-btn-submit u-button-style u-custom-color-2 u-hover-white u-radius-50 u-text-active-white u-text-hover-custom-color-2 u-btn-1\" data-lang-es=\"{&quot;content&quot;:&quot;Enviar&quot;,&quot;href&quot;:&quot;#&quot;}\" data-lang-eu=\"{&quot;content&quot;:&quot;Bidali&quot;,&quot;href&quot;:&quot;#&quot;}\">Bidali<\/a>\n            <\/div>\n            <div class=\"u-form-send-message u-form-send-success\" data-lang-es=\"Gracias por su consulta, le atenderemos lo antes posible\" data-lang-eu=\"Gracias por su consulta, le atenderemos lo antes posible\">Gracias por su consulta, le atenderemos lo antes posible<\/div>\n            <div class=\"u-form-send-error u-form-send-message\" data-lang-es=\"No ha sido posible realizar la consulta, por favor, intentelo de nuevo m\u00e1s tarde\" data-lang-eu=\"No ha sido posible realizar la consulta, por favor, intentelo de nuevo m\u00e1s tarde\">No ha sido posible realizar la consulta, por favor, intentelo de nuevo m\u00e1s tarde<\/div>\n            <input type=\"hidden\" value=\"\" name=\"recaptchaResponse\">\n            <input type=\"hidden\" name=\"formServices\" value=\"e2c0ba420328958be6db792698322798\">\n            <input type=\"hidden\" name=\"siteKey\" value=\"6LcLvOIlAAAAACrJvXnRUXlogwJeH0-qbHU4A3at\">\n          <\/form>\n        <\/div>\n      <\/div>\n    <\/section>","protected":false},"excerpt":{"rendered":"<p>SENTSIBILIZAZIOA ETA LAGUNTZA IKASTETXEETAN Sentsibilizazioa eta laguntza ikastetxeetan ASPANOGIn laguntza eta orientazioa eskaintzen diegu hala eskatzen duten ikastetxeei, haurren minbizi kasuren bat dutelako edo, besterik gabe, irakasleei egoera delikatua kudeatzen laguntzeko informazioa edo prestakuntza nahi dutelako. Adingabeen adinaren araberako hitzaldi pertsonalizatuak eskaintzen ditugu, bai eta ikastetxeei laguntzeko materiala eta adingabe onkologikoen irakasleei zuzendutako orientabidea ere, &hellip; <a href=\"https:\/\/ASPANOGI-qecodgqk4p.live-website.com\/es\/charlas-en-centros-educativos-2\/\" class=\"more-link\">Continue reading<span class=\"screen-reader-text\"> &#8220;Charlas en centros educativos&#8221;<\/span><\/a><\/p>","protected":false},"author":1,"featured_media":0,"parent":0,"menu_order":5,"comment_status":"closed","ping_status":"closed","template":"","meta":{"_eb_attr":"","footnotes":""},"class_list":["post-523","page","type-page","status-publish","hentry"],"jetpack_sharing_enabled":true,"_links":{"self":[{"href":"https:\/\/ASPANOGI-qecodgqk4p.live-website.com\/es\/wp-json\/wp\/v2\/pages\/523","targetHints":{"allow":["GET"]}}],"collection":[{"href":"https:\/\/ASPANOGI-qecodgqk4p.live-website.com\/es\/wp-json\/wp\/v2\/pages"}],"about":[{"href":"https:\/\/ASPANOGI-qecodgqk4p.live-website.com\/es\/wp-json\/wp\/v2\/types\/page"}],"author":[{"embeddable":true,"href":"https:\/\/ASPANOGI-qecodgqk4p.live-website.com\/es\/wp-json\/wp\/v2\/users\/1"}],"replies":[{"embeddable":true,"href":"https:\/\/ASPANOGI-qecodgqk4p.live-website.com\/es\/wp-json\/wp\/v2\/comments?post=523"}],"version-history":[{"count":1,"href":"https:\/\/ASPANOGI-qecodgqk4p.live-website.com\/es\/wp-json\/wp\/v2\/pages\/523\/revisions"}],"predecessor-version":[{"id":548,"href":"https:\/\/ASPANOGI-qecodgqk4p.live-website.com\/es\/wp-json\/wp\/v2\/pages\/523\/revisions\/548"}],"wp:attachment":[{"href":"https:\/\/ASPANOGI-qecodgqk4p.live-website.com\/es\/wp-json\/wp\/v2\/media?parent=523"}],"curies":[{"name":"wp","href":"https:\/\/api.w.org\/{rel}","templated":true}]}}