{"id":530,"date":"2023-07-04T11:07:35","date_gmt":"2023-07-04T11:07:35","guid":{"rendered":"https:\/\/ASPANOGI-qecodgqk4p.live-website.com\/atencion-social-2\/"},"modified":"2023-07-04T11:07:51","modified_gmt":"2023-07-04T11:07:51","slug":"atencion-social-2","status":"publish","type":"page","link":"https:\/\/ASPANOGI-qecodgqk4p.live-website.com\/es\/atencion-social-2\/","title":{"rendered":"Atenci\u00f3n social"},"content":{"rendered":"<section class=\"u-clearfix u-section-1\" id=\"sec-454f\">\n      <div class=\"u-clearfix u-sheet u-sheet-1\">\n        <h2 class=\"u-text u-text-default u-text-1\" data-lang-es=\"ASISTENCIA SOCIAL\" data-lang-eu=\"GIZARTE ARRETA\">GIZARTE ARRETA<\/h2>\n        <img decoding=\"async\" class=\"u-expanded-width-xs u-image u-image-default u-image-1\" src=\"https:\/\/ASPANOGI-qecodgqk4p.live-website.com\/wp-content\/uploads\/2023\/07\/Trabajo-social.jpg\" alt=\"\" data-image-width=\"1024\" data-image-height=\"768\" data-lang-es=\"\" data-lang-eu=\"\">\n        <h2 class=\"u-align-center u-text u-text-2\" data-lang-es=\"\u200bEl servicio de <span class=&quot;u-text-custom-color-2&quot;>atenci\u00f3n social<\/span> de ASPANOGI es proporcionado por una trabajadora social profesional, responsable de informar y asesorar sobre los recursos sociales a los que pueden acceder a la familias de la propia Asociaci\u00f3n como de otros organismos p\u00fablicos y\/o privados.\" data-lang-eu=\"<span class=&quot;u-text-custom-color-2&quot;>\u200bGizarte-langile<\/span> profesional batek ematen du&amp;nbsp; ASPANOGIren zerbitzua, Elkartearen familiek eta beste erakunde publiko nahiz pribatu batzuek eskura ditzaketen gizarte-baliabideei buruzko informazioa eta aholkuak emateaz arduratzen dena.\">\n          <span class=\"u-text-custom-color-2\"> Gizarte-langile<\/span> profesional batek ematen du&nbsp; ASPANOGIren zerbitzua, Elkartearen familiek eta beste erakunde publiko nahiz pribatu batzuek eskura ditzaketen gizarte-baliabideei buruzko informazioa eta aholkuak emateaz arduratzen dena.\n        <\/h2>\n      <\/div>\n    <\/section>\n    <section class=\"u-border-custom-color-2 u-carousel u-slide u-block-0c99-1\" id=\"carousel_0f84\" data-interval=\"5000\" data-u-ride=\"carousel\">\n      <ol class=\"u-absolute-hcenter-lg u-absolute-hcenter-md u-absolute-hcenter-sm u-absolute-hcenter-xl u-carousel-indicators u-block-0c99-5\">\n        <li data-u-target=\"#carousel_0f84\" class=\"u-active u-grey-30\" data-u-slide-to=\"0\"><\/li>\n        <li data-u-target=\"#carousel_0f84\" class=\"u-grey-30\" data-u-slide-to=\"1\"><\/li>\n        <li data-u-target=\"#carousel_0f84\" class=\"u-grey-30\" data-u-slide-to=\"2\"><\/li>\n        <li data-u-target=\"#carousel_0f84\" class=\"u-grey-30\" data-u-slide-to=\"3\"><\/li>\n        <li data-u-target=\"#carousel_0f84\" class=\"u-grey-30\" data-u-slide-to=\"4\"><\/li>\n        <li data-u-target=\"#carousel_0f84\" class=\"u-grey-30\" data-u-slide-to=\"5\"><\/li>\n      <\/ol>\n      <div class=\"u-carousel-inner\" role=\"listbox\">\n        <div class=\"u-active u-align-center u-border-2 u-border-grey-75 u-carousel-item u-clearfix u-section-2-1\" src=\"\">\n          <div class=\"u-clearfix u-sheet u-sheet-1\">\n            <h1 class=\"u-text u-text-custom-color-2 u-text-default u-title u-text-1\" data-lang-es=\"\u200bACOGIDA Y ATENCI\u00d3N DIRECTA\" data-lang-eu=\"\u200bHARRERA ETA ZUZENEKO ARRETA\"> HARRERA ETA ZUZENEKO ARRETA<\/h1>\n            <p class=\"u-large-text u-text u-text-default-lg u-text-default-md u-text-default-sm u-text-default-xl u-text-variant u-text-2\" data-lang-es=\"\u200bVisitas y seguimiento en la unidad de oncohematolog\u00eda pedri\u00e1triuca y Hospital de D\u00eda del Hospital Universitario Donostia<br><br>Acogida y atenci\u00f3n a las familias en la sede social<br><br>Visitas domiciliarias en los casos que as\u00ed lo requieran\" data-lang-eu=\"\u200bBisitak eta jarraipena Donostia Unibertsitate Ospitaleko onkohematologia pedriatrikoko unitatean eta Eguneko Ospitalean<br><br>Familientzako harrera eta arreta egoitza sozialean nahiz ospitalean<br><br>Etxez etxeko bisitak, beharrezkoak diren kasuetan\"> Bisitak eta jarraipena Donostia Unibertsitate Ospitaleko onkohematologia pedriatrikoko unitatean eta Eguneko Ospitalean <br>\n              <br>Familientzako harrera eta arreta egoitza sozialean nahiz ospitalean<br>\n              <br>Etxez etxeko bisitak, beharrezkoak diren kasuetan\n            <\/p>\n          <\/div>\n        <\/div>\n        <div class=\"u-align-center u-border-2 u-border-grey-75 u-carousel-item u-clearfix u-section-2-2\" src=\"\">\n          <div class=\"u-clearfix u-sheet u-sheet-1\">\n            <h1 class=\"u-text u-text-custom-color-2 u-title u-text-1\" data-lang-es=\"\u200bINFORMACI\u00d3N Y ORIENTACI\u00d3N SOBRE RECURSOS SOCIALES P\u00daBLICOS Y PRIVADOS\" data-lang-eu=\"\u200bGIZARTE-BALIABIDE PUBLIKO ETA PRIBATUEI BURUZKO INFORMAZIOA ETA ORIENTAZIOA\"> GIZARTE-BALIABIDE PUBLIKO ETA PRIBATUEI BURUZKO INFORMAZIOA ETA ORIENTAZIOA<\/h1>\n            <p class=\"u-large-text u-text u-text-variant u-text-2\" data-lang-es=\"Recursos y servicios propios de ASPANOGI (vales de comida para el acompa\u00f1ante, piso de acogida &quot;PIRATENEA&quot;, ayudas econ\u00f3micas y cesi\u00f3n de material capilar-ortoprot\u00e9sico<br><br>Solicitudes de valoraci\u00f3n de\u200b grado de discapacidad y dependencia<br><br>Solicitudes de reintegro de gastos por manutenci\u00f3n, alojamiento y transporte no sanitario del Dpto. de Salud de Gobierno Vasco<br><br>Asesoramiento laboral: permisos y solicitud de la prestaci\u00f3n econ\u00f3mica de reducci\u00f3n de jornada por cuidado del menor con enfermedad grave (CUME)\" data-lang-eu=\"\u200bASPANOGIren baliabide eta zerbitzu propioak (laguntzailearentzako janari-txartelak, &quot;PIRATENEA&quot; harrera-etxea, laguntza ekonomikoak eta material kapilar-ortoprotesikoaren lagapena<br><br>Desgaitasun eta mendekotasun maila baloratzeko eskaerak<br><br>Eusko Jaurlaritzako Osasun Sailaren mantenu, ostatu eta garraio ez-sanitarioaren gastuak itzultzeko eskaerak<br><br>Laneko aholkularitza: gaixotasun larria duen adingabea zaintzeko lanaldi-murrizketaren baimena eta prestazio ekonomikoa eskatzea (CUME)...\"> ASPANOGIren baliabide eta zerbitzu propioak (laguntzailearentzako janari-txartelak, \"PIRATENEA\" harrera-etxea, laguntza ekonomikoak eta material kapilar-ortoprotesikoaren lagapena <br>\n              <br>Desgaitasun eta mendekotasun maila baloratzeko eskaerak <br>\n              <br>Eusko Jaurlaritzako Osasun Sailaren mantenu, ostatu eta garraio ez-sanitarioaren gastuak itzultzeko eskaerak <br>\n              <br>Laneko aholkularitza: gaixotasun larria duen adingabea zaintzeko lanaldi-murrizketaren baimena eta prestazio ekonomikoa eskatzea (CUME)...\n            <\/p>\n          <\/div>\n        <\/div>\n        <div class=\"u-align-center u-border-2 u-border-grey-75 u-carousel-item u-clearfix u-section-2-3\" src=\"\">\n          <div class=\"u-clearfix u-sheet u-sheet-1\">\n            <h1 class=\"u-text u-text-custom-color-2 u-text-default u-title u-text-1\" data-lang-es=\"GESTIONES DE ALOJAMIENTO Y APOYO SOCIAL A LAS FAMILIAS DESPLAZADAS\" data-lang-eu=\"\u200bLEKUALDATUTAKO FAMILIEI OSTATU EMATEKO ETA LAGUNTZA SOZIALA EMATEKO KUDEAKETAK\"> LEKUALDATUTAKO FAMILIEI OSTATU EMATEKO ETA LAGUNTZA SOZIALA EMATEKO KUDEAKETAK<\/h1>\n            <p class=\"u-large-text u-text u-text-default-lg u-text-default-md u-text-default-sm u-text-default-xl u-text-variant u-text-2\" data-lang-es=\"\u200b\u200bAlojamiento gratuito y b\u00fasqueda de alojamiento alternativo en caso de no tener disponibilidad<br><br>Ayudas econ\u00f3micas previa valoraci\u00f3n socio-econ\u00f3mica de la unidad familiar\" data-lang-eu=\"\u200bDoako ostatua eta ordezko ostatua bilatzea, erabilgarritasunik izan ezean<br><br>Laguntza ekonomikoak, familia-unitatearen balorazio sozio-ekonomikoa egin ondoren\"> Doako ostatua eta ordezko ostatua bilatzea, erabilgarritasunik izan ezean <br>\n              <br>Laguntza ekonomikoak, familia-unitatearen balorazio sozio-ekonomikoa egin ondoren\n            <\/p>\n          <\/div>\n        <\/div>\n        <div class=\"u-align-center u-border-2 u-border-grey-75 u-carousel-item u-clearfix u-section-2-4\" src=\"\">\n          <div class=\"u-clearfix u-sheet u-sheet-1\">\n            <h1 class=\"u-text u-text-custom-color-2 u-text-default u-title u-text-1\" data-lang-es=\"\u200bCOORDINACI\u00d3N CON SERVICIOS SOCIALES DE BASE\" data-lang-eu=\"OINARRIZKO GIZARTE ZERBITZUEKIN&amp;nbsp;\u200bKOORDINAZIOA \">OINARRIZKO GIZARTE ZERBITZUEKIN&nbsp;\u200bKOORDINAZIOA <\/h1>\n            <p class=\"u-large-text u-text u-text-default u-text-variant u-text-2\" data-lang-es=\"\u200bEn los casos que requieran de una intervenci\u00f3n comunitaria para dar respuesta a sus necesidades y carencias, as\u00ed como la solicitud de valoraciones de dependencia, grado de discapacidad, la trabajadora social de ASPANOGI realizar\u00e1 una labor de coordinaci\u00f3n de derivaci\u00f3n al Dpto. de trabajo social correspondiente\" data-lang-eu=\"\u200bBere beharrei eta gabeziei erantzuteko esku-hartze komunitarioa behar duten kasuetan, bai eta mendetasunari eta desgaitasun-mailari buruzko balorazioak eskatzea ere, ASPANOGIko gizarte-langileak koordinazio-lana egingo du dagokion gizarte-laneko sailera bideratzeko\"> Bere beharrei eta gabeziei erantzuteko esku-hartze komunitarioa behar duten kasuetan, bai eta mendetasunari eta desgaitasun-mailari buruzko balorazioak eskatzea ere, ASPANOGIko gizarte-langileak koordinazio-lana egingo du dagokion gizarte-laneko sailera bideratzeko<\/p>\n          <\/div>\n        <\/div>\n        <div class=\"u-align-center u-border-2 u-border-grey-75 u-carousel-item u-clearfix u-section-2-5\" src=\"\">\n          <div class=\"u-clearfix u-sheet u-sheet-1\">\n            <h1 class=\"u-text u-text-custom-color-2 u-text-default u-title u-text-1\" data-lang-es=\"\u200bCOORDINACI\u00d3N EN EL PERSONAL SANITARIO\" data-lang-eu=\"OSASUN-LANGILEEN ARTEAKO \u200bKOORDINAZIOA \">OSASUN-LANGILEEN ARTEAKO \u200bKOORDINAZIOA <\/h1>\n            <p class=\"u-large-text u-text u-text-default u-text-variant u-text-2\" data-lang-es=\"\u200bEl personal sanitario informa a las familias sobre ASPANOGI y se coordina con la trabajadora social para dar respuesta a las necesidades que surgen tras el diagn\u00f3stico de c\u00e1ncer infantil\" data-lang-eu=\"\u200bOsasun-langileek ASPANOGIri buruzko informazioa ematen diete familiei, eta gizarte-langilearekin koordinatzen dira haurren minbiziaren diagnostikoaren ondoren sortzen diren beharrei erantzuteko\"> Osasun-langileek ASPANOGIri buruzko informazioa ematen diete familiei, eta gizarte-langilearekin koordinatzen dira haurren minbiziaren diagnostikoaren ondoren sortzen diren beharrei erantzuteko<\/p>\n          <\/div>\n        <\/div>\n        <div class=\"u-align-center u-border-2 u-border-grey-75 u-carousel-item u-clearfix u-section-2-6\" src=\"\">\n          <div class=\"u-clearfix u-sheet u-sheet-1\">\n            <h1 class=\"u-text u-text-custom-color-2 u-title u-text-1\" data-lang-es=\"\u200bSEGUIMIENTO EDUCATIVO Y CHARLAS DE SENSIBILIZACI\u00d3N EN CENTROS EDUCATIVOS\" data-lang-eu=\"\u200bHEZKUNTZA-JARRAIPENA ETA SENTSIBILIZAZIO-HITZALDIAK IKASTETXEETAN\"> HEZKUNTZA-JARRAIPENA ETA SENTSIBILIZAZIO-HITZALDIAK IKASTETXEETAN<\/h1>\n            <p class=\"u-large-text u-text u-text-default-lg u-text-default-md u-text-default-sm u-text-default-xl u-text-variant u-text-2\" data-lang-es=\"\u200bCoordinaci\u00f3n y apoyo t\u00e9cnico ante situaciones especiales o problem\u00e1ticas que requieran la intervenci\u00f3n desde el trabajo social. Entrega de material did\u00e1ctico al personal educativo y realizaci\u00f3n de charlas informativas con el objetivo de eliminar el tab\u00fa existente sobre el c\u00e1ncer infantil y fomentar la participaci\u00f3n del alumnado.\" data-lang-eu=\"\u200bGizarte-lanetik esku hartzea eskatzen duten egoera berezi edo arazotsuetarako koordinazioa eta laguntza teknikoa. Hezitzaileei material didaktikoa ematea eta informazio-hitzaldiak egitea, haurren minbiziari buruz dagoen tabua ezabatzeko eta ikasleen parte-hartzea sustatzeko.\"> Gizarte-lanetik esku hartzea eskatzen duten egoera berezi edo arazotsuetarako koordinazioa eta laguntza teknikoa. Hezitzaileei material didaktikoa ematea eta informazio-hitzaldiak egitea, haurren minbiziari buruz dagoen tabua ezabatzeko eta ikasleen parte-hartzea sustatzeko.<\/p>\n          <\/div>\n        <\/div>\n      <\/div>\n      <a class=\"u-absolute-vcenter u-carousel-control u-carousel-control-prev u-text-grey-30 u-block-0c99-3\" href=\"#carousel_0f84\" role=\"button\" data-u-slide=\"prev\">\n        <span aria-hidden=\"true\">\n          <svg class=\"u-svg-link\" viewbox=\"0 0 477.175 477.175\"><path d=\"M145.188,238.575l215.5-215.5c5.3-5.3,5.3-13.8,0-19.1s-13.8-5.3-19.1,0l-225.1,225.1c-5.3,5.3-5.3,13.8,0,19.1l225.1,225                    c2.6,2.6,6.1,4,9.5,4s6.9-1.3,9.5-4c5.3-5.3,5.3-13.8,0-19.1L145.188,238.575z\"><\/path><\/svg>\n        <\/span>\n        <span class=\"sr-only\">Previous<\/span>\n      <\/a>\n      <a class=\"u-absolute-vcenter u-carousel-control u-carousel-control-next u-text-grey-30 u-block-0c99-4\" href=\"#carousel_0f84\" role=\"button\" data-u-slide=\"next\">\n        <span aria-hidden=\"true\">\n          <svg class=\"u-svg-link\" viewbox=\"0 0 477.175 477.175\"><path d=\"M360.731,229.075l-225.1-225.1c-5.3-5.3-13.8-5.3-19.1,0s-5.3,13.8,0,19.1l215.5,215.5l-215.5,215.5                    c-5.3,5.3-5.3,13.8,0,19.1c2.6,2.6,6.1,4,9.5,4c3.4,0,6.9-1.3,9.5-4l225.1-225.1C365.931,242.875,365.931,234.275,360.731,229.075z\"><\/path><\/svg>\n        <\/span>\n        <span class=\"sr-only\">Siguiente<\/span>\n      <\/a>\n    <\/section>","protected":false},"excerpt":{"rendered":"<p>GIZARTE ARRETA Gizarte-langile profesional batek ematen du&nbsp; ASPANOGIren zerbitzua, Elkartearen familiek eta beste erakunde publiko nahiz pribatu batzuek eskura ditzaketen gizarte-baliabideei buruzko informazioa eta aholkuak emateaz arduratzen dena. HARRERA ETA ZUZENEKO ARRETA Bisitak eta jarraipena Donostia Unibertsitate Ospitaleko onkohematologia pedriatrikoko unitatean eta Eguneko Ospitalean Familientzako harrera eta arreta egoitza sozialean nahiz ospitalean Etxez etxeko bisitak, &hellip; <a href=\"https:\/\/ASPANOGI-qecodgqk4p.live-website.com\/es\/atencion-social-2\/\" class=\"more-link\">Continue reading<span class=\"screen-reader-text\"> &#8220;Atenci\u00f3n social&#8221;<\/span><\/a><\/p>","protected":false},"author":1,"featured_media":0,"parent":0,"menu_order":12,"comment_status":"closed","ping_status":"closed","template":"","meta":{"_eb_attr":"","footnotes":""},"class_list":["post-530","page","type-page","status-publish","hentry"],"jetpack_sharing_enabled":true,"_links":{"self":[{"href":"https:\/\/ASPANOGI-qecodgqk4p.live-website.com\/es\/wp-json\/wp\/v2\/pages\/530","targetHints":{"allow":["GET"]}}],"collection":[{"href":"https:\/\/ASPANOGI-qecodgqk4p.live-website.com\/es\/wp-json\/wp\/v2\/pages"}],"about":[{"href":"https:\/\/ASPANOGI-qecodgqk4p.live-website.com\/es\/wp-json\/wp\/v2\/types\/page"}],"author":[{"embeddable":true,"href":"https:\/\/ASPANOGI-qecodgqk4p.live-website.com\/es\/wp-json\/wp\/v2\/users\/1"}],"replies":[{"embeddable":true,"href":"https:\/\/ASPANOGI-qecodgqk4p.live-website.com\/es\/wp-json\/wp\/v2\/comments?post=530"}],"version-history":[{"count":1,"href":"https:\/\/ASPANOGI-qecodgqk4p.live-website.com\/es\/wp-json\/wp\/v2\/pages\/530\/revisions"}],"predecessor-version":[{"id":555,"href":"https:\/\/ASPANOGI-qecodgqk4p.live-website.com\/es\/wp-json\/wp\/v2\/pages\/530\/revisions\/555"}],"wp:attachment":[{"href":"https:\/\/ASPANOGI-qecodgqk4p.live-website.com\/es\/wp-json\/wp\/v2\/media?parent=530"}],"curies":[{"name":"wp","href":"https:\/\/api.w.org\/{rel}","templated":true}]}}