{"id":532,"date":"2023-07-04T11:07:37","date_gmt":"2023-07-04T11:07:37","guid":{"rendered":"https:\/\/ASPANOGI-qecodgqk4p.live-website.com\/atencion-psicologica-2\/"},"modified":"2023-07-04T11:07:51","modified_gmt":"2023-07-04T11:07:51","slug":"atencion-psicologica-2","status":"publish","type":"page","link":"https:\/\/ASPANOGI-qecodgqk4p.live-website.com\/es\/atencion-psicologica-2\/","title":{"rendered":"Atenci\u00f3n psicol\u00f3gica"},"content":{"rendered":"<section class=\"u-clearfix u-section-1\" id=\"sec-bfa1\">\n      <div class=\"u-clearfix u-sheet u-sheet-1\">\n        <h2 class=\"u-text u-text-default u-text-1\" data-lang-es=\"ATENCI\u00d3N PSICOL\u00d3GICA\" data-lang-eu=\"ARRETA PSIKOLOGIKOA\">ARRETA PSIKOLOGIKOA<\/h2>\n        <img decoding=\"async\" class=\"u-expanded-width-xs u-image u-image-default u-image-1\" src=\"https:\/\/ASPANOGI-qecodgqk4p.live-website.com\/wp-content\/uploads\/2023\/07\/Atencinpsiclogica.png\" alt=\"\" data-image-width=\"484\" data-image-height=\"418\" data-lang-es=\"\" data-lang-eu=\"\">\n        <h2 class=\"u-align-center u-text u-text-2\" data-lang-es=\"<span class=&quot;u-text-custom-color-2&quot;>\u200bASPANOGI<\/span>&amp;nbsp;proporciona&amp;nbsp;<span class=&quot;u-text-custom-color-2&quot;>apoyo psicol\u00f3gico<\/span>&amp;nbsp;a los\/las menores enfermos\/as y sus familias a trav\u00e9s<br>de una&amp;nbsp;psic\u00f3loga&amp;nbsp;que atiende en el hospital Universitario Donostia y\/o en el despacho de la sede social.<br><br>La atenci\u00f3n es individual y adaptada a las necesidades de cada miembro de la familia y se da a lo largo de <span class=&quot;u-text-custom-color-2&quot;>todas las fases de la enfermedad<\/span>.\" data-lang-eu=\"<span class=&quot;u-text-custom-color-2&quot;>\u200b\u200b<\/span><span class=&quot;u-text-custom-color-2&quot;>ASPANOGI<\/span>k laguntza psikologikoa ematen die gaixo dauden adingabeei eta haien familiei, Donostia Unibertsitate Ospitalean nahiz egoitza sozialaren bulegoan.<br><br>Arreta indibiduala, familiako kide bakoitzaren beharretara egokitua, eta gaixotasunaren fase guztietan ematen dena.\">\n          <span class=\"u-text-custom-color-2\"><\/span>\n          <span class=\"u-text-custom-color-2\">ASPANOGI<\/span>k laguntza psikologikoa ematen die gaixo dauden adingabeei eta haien familiei, Donostia Unibertsitate Ospitalean nahiz egoitza sozialaren bulegoan.<br>\n          <br>Arreta indibiduala, familiako kide bakoitzaren beharretara egokitua, eta gaixotasunaren fase guztietan ematen dena.\n        <\/h2>\n      <\/div>\n    <\/section>\n    <section class=\"u-border-custom-color-2 u-carousel u-carousel-duration-2000 u-slide u-block-2073-1\" id=\"carousel_ab32\" data-interval=\"5000\" data-u-ride=\"carousel\" data-pause=\"false\">\n      <ol class=\"u-carousel-indicators u-block-2073-8\">\n        <li data-u-target=\"#carousel_ab32\" class=\"u-active u-border-2 u-border-grey-75\" data-u-slide-to=\"0\" style=\"height: 7px; width: 7px;\"><\/li>\n        <li data-u-target=\"#carousel_ab32\" class=\"u-border-2 u-border-grey-75\" style=\"height: 7px; width: 7px;\" data-u-slide-to=\"1\"><\/li>\n        <li data-u-target=\"#carousel_ab32\" class=\"u-border-2 u-border-grey-75\" style=\"height: 7px; width: 7px;\" data-u-slide-to=\"2\"><\/li>\n        <li data-u-target=\"#carousel_ab32\" class=\"u-border-2 u-border-grey-75\" style=\"height: 7px; width: 7px;\" data-u-slide-to=\"3\"><\/li>\n        <li data-u-target=\"#carousel_ab32\" class=\"u-border-2 u-border-grey-75\" style=\"height: 7px; width: 7px;\" data-u-slide-to=\"4\"><\/li>\n      <\/ol>\n      <div class=\"u-carousel-inner\" role=\"listbox\">\n        <div class=\"u-active u-align-center u-border-2 u-border-black u-carousel-item u-clearfix u-section-2-1\" src=\"\">\n          <div class=\"u-clearfix u-sheet u-sheet-1\">\n            <h1 class=\"u-text u-text-custom-color-2 u-text-default u-title u-text-1\" data-lang-es=\"TRATAMIENTO Y HOSPITALIZACI\u00d3N\" data-lang-eu=\"TRATAMENDU ETA OSPITALERATZEA&amp;nbsp;\">TRATAMENDU ETA OSPITALERATZEA&nbsp;<\/h1>\n            <p class=\"u-large-text u-text u-text-variant u-text-2\" data-lang-es=\"\u200bSe ayuda a los ni\u00f1os y ni\u00f1as y a las familias a ajustarse emocionalmente a los ingresos, a un<br>entorno desconocido.<br>Los pacientes pasan por tratamientos que les generan miedos, da\u00f1o, ansiedad, se trabajan con<br>ellos\/as t\u00e9cnicas de relajaci\u00f3n. Adem\u00e1s deben asimilar los cambios f\u00edsicos que la enfermedad y<br>los tratamientos les causan.<br>Se apoya y se proporcionan herramientas de comunicaci\u00f3n alternativas para intentar paliar, en<br>lo posible, el alejamiento de los hermanos, amigos. Tambi\u00e9n se apoyan a los centros<br>educativos que lo soliciten sobre c\u00f3mo mantener una relaci\u00f3n adecuada con el\/la menor<br>enfermo\/a.\" data-lang-eu=\"\u200bHaurrei eta familiei laguntzen zaie emozionalki ingresuetara egokitzen,<br>ingurune ezezagun hori.<br>Pazienteek beldurra, kaltea, antsietatea sortzen dieten tratamenduetatik pasatzen dira eta<br>erlaxazio-teknikak lantzen dira. Gainera, gaixotasunaren aldaketa fisikoak eta<br>tratamenduek eragiten diete.<br>Komunikazio-tresna alternatiboak bermatu eta ematen dira,<br>ahal den neurrian, anaiengandik, lagunengandik urrunketa hori saihesteko. Ikastetxeei ere laguntzen zaie<br>adingabearekin harreman egokia izateko moduak erakusteko.<br><br>\"> Haurrei eta familiei laguntzen zaie emozionalki ingresuetara egokitzen,<br>ingurune ezezagun hori.<br>Pazienteek beldurra, kaltea, antsietatea sortzen dieten tratamenduetatik pasatzen dira eta<br>erlaxazio-teknikak lantzen dira. Gainera, gaixotasunaren aldaketa fisikoak eta<br>tratamenduek eragiten diete.<br>Komunikazio-tresna alternatiboak bermatu eta ematen dira,<br>ahal den neurrian, anaiengandik, lagunengandik urrunketa hori saihesteko. Ikastetxeei ere laguntzen zaie<br>adingabearekin harreman egokia izateko moduak erakusteko.<br>\n              <br>\n            <\/p>\n          <\/div>\n        <\/div>\n        <div class=\"u-align-center u-border-2 u-border-black u-carousel-item u-clearfix u-section-2-2\" src=\"\">\n          <div class=\"u-clearfix u-sheet u-sheet-1\">\n            <h1 class=\"u-text u-text-custom-color-2 u-text-default u-title u-text-1\" data-lang-es=\"DIAGN\u00d3STICO\" data-lang-eu=\"DIAGNOSTIKOA\">DIAGNOSTIKOA<\/h1>\n            <p class=\"u-large-text u-text u-text-variant u-text-2\" data-lang-es=\"\u200bSe proporciona apoyo al ni\u00f1o\/a enfermo\/a en este primer momento cuando se conoce el<br>diagnostico oncol\u00f3gico. La enfermedad provoca una gran incertidumbre a nivel emocional y<br>exige una adaptaci\u00f3n r\u00e1pida a los cambios. Se dispone de material espec\u00edfico para contar a los<br>menores su enfermedad (cuentos, libros, pel\u00edculas...)\" data-lang-eu=\"\u200bHaur gaixoari laguntza ematen zaio diagnostiko onkologiko horren lehen unean.<br>Gaixotasunak ziurgabetasun handia eragiten du maila emozionalean eta<br>aldaketetara azkar egokitzea eskatzen du. Adingabeei&amp;nbsp;bere gaixotasunari buruz erakusteko material espezifikoa dago.<br> (ipuinak, liburuak, filmak...)\"> Haur gaixoari laguntza ematen zaio diagnostiko onkologiko horren lehen unean.<br>Gaixotasunak ziurgabetasun handia eragiten du maila emozionalean eta<br>aldaketetara azkar egokitzea eskatzen du. Adingabeei&nbsp;bere gaixotasunari buruz erakusteko material espezifikoa dago.<br> (ipuinak, liburuak, filmak...)\n            <\/p>\n          <\/div>\n        <\/div>\n        <div class=\"u-align-center u-border-2 u-border-black u-carousel-item u-clearfix u-section-2-3\" src=\"\">\n          <div class=\"u-clearfix u-sheet u-sheet-1\">\n            <p class=\"u-large-text u-text u-text-variant u-text-1\" data-lang-es=\"\u200bEste momento de alta suele crear incertidumbre ante la vuelta a la vida ordinaria y miedo a las<br>reca\u00eddas. Se apoya a las familias y a los menores en la vuelta al colegio y a los trabajos, se<br>colabora en la organizaci\u00f3n de un plan de reincorporaci\u00f3n, reajustando tambi\u00e9n las<br>capacidades f\u00edsicas del ni\u00f1o\/a , que pueden no estar como antes de la enfermedad.\" data-lang-eu=\"\u200bAlta-une horrek ziurgabetasuna sortu ohi du bizitza arruntera itzultzearen aurrean, eta berriz gaixotzearen beldurra. Familiei eta adingabeei eskolara eta lanetara itzultzen laguntzen zaie.<br>birlaneratze-plan bat antolatzen laguntzen du, eta, era berean,<br>haurraren gaitasun fisikoak, gaixotasunaren aurretik bezala egon ez daitezkeenak.\"> Alta-une horrek ziurgabetasuna sortu ohi du bizitza arruntera itzultzearen aurrean, eta berriz gaixotzearen beldurra. Familiei eta adingabeei eskolara eta lanetara itzultzen laguntzen zaie.<br>birlaneratze-plan bat antolatzen laguntzen du, eta, era berean,<br>haurraren gaitasun fisikoak, gaixotasunaren aurretik bezala egon ez daitezkeenak.\n            <\/p>\n            <h1 class=\"u-text u-text-custom-color-2 u-text-default u-title u-text-2\" data-lang-es=\"REMISI\u00d3N Y ALTA\" data-lang-eu=\"REMISIOA ETA ALTA EMATEA\">REMISIOA ETA ALTA EMATEA<\/h1>\n          <\/div>\n        <\/div>\n        <div class=\"u-align-center u-border-2 u-border-black u-carousel-item u-clearfix u-section-2-4\" src=\"\">\n          <div class=\"u-clearfix u-sheet u-sheet-1\">\n            <h1 class=\"u-text u-text-custom-color-2 u-text-default u-title u-text-1\" data-lang-es=\"FASE TERMINAL\" data-lang-eu=\"AZKEN FASEA\">AZKEN FASEA<\/h1>\n            <p class=\"u-large-text u-text u-text-variant u-text-2\" data-lang-es=\"\u200bEn los casos en los que los tratamientos no hayan conseguido una remisi\u00f3n de la enfermedad,<br>se hace un acompa\u00f1amiento del menor. Se apoya a la familia en este duelo anticipado y se<br>proporcionan herramientas para c\u00f3mo manejar y trasmitir la informaci\u00f3n al ni\u00f1o\/a enfermo\/a<br>y a otros familiares.\" data-lang-eu=\"\u200bTratamenduek gaixotasuna arintzea lortu ez duten kasuetan ere&amp;nbsp;<br>adingabeari laguntzen zaio. Dolu aurreratu honetan familiari laguntzen zaio eta<br>Gaixo dagoen haurrari eta beste senideei informazioa nola erabili eta transmititu jakiteko tresnak ematen zaizkie.<br>\"> Tratamenduek gaixotasuna arintzea lortu ez duten kasuetan ere&nbsp;<br>adingabeari laguntzen zaio. Dolu aurreratu honetan familiari laguntzen zaio eta <br>Gaixo dagoen haurrari eta beste senideei informazioa nola erabili eta transmititu jakiteko tresnak ematen zaizkie.<br>\n            <\/p>\n          <\/div>\n        <\/div>\n        <div class=\"u-align-center u-border-2 u-border-grey-75 u-carousel-item u-clearfix u-section-2-5\" src=\"\">\n          <div class=\"u-clearfix u-sheet u-sheet-1\">\n            <h1 class=\"u-text u-text-custom-color-2 u-text-default u-title u-text-1\" data-lang-es=\"DUELO\" data-lang-eu=\"DOLUA\">DOLUA<\/h1>\n            <p class=\"u-large-text u-text u-text-variant u-text-2\" data-lang-es=\"\u200bDespu\u00e9s del fallecimiento se ofrece seguimiento a los padres y otros familiares que lo deseen.<br>Este tratamiento ser\u00e1 individual, de pareja o familiar seg\u00fan las necesidades que se estimen.<br>Tambi\u00e9n se disponen de materiales sobre manejo del duelo, dirigidos a ni\u00f1os o a los propios padres.\" data-lang-eu=\"\u200bHeriotzaren ondoren, jarraipena egiten zaie gurasoei eta hala nahi duten beste senideei.<br>Tratamendu hori banakakoa, bikotekoa edo familiakoa izango da, egoki iritzitako premien arabera.<br>Dolua erabiltzeko materialak ere badaude, haurrei edo gurasoei zuzendutakoak.\"> Heriotzaren ondoren, jarraipena egiten zaie gurasoei eta hala nahi duten beste senideei. <br>Tratamendu hori banakakoa, bikotekoa edo familiakoa izango da, egoki iritzitako premien arabera. <br>Dolua erabiltzeko materialak ere badaude, haurrei edo gurasoei zuzendutakoak.\n            <\/p>\n          <\/div>\n        <\/div>\n      <\/div>\n      <a class=\"u-carousel-control u-carousel-control-prev u-icon-rectangle u-text-black u-text-hover-custom-color-2 u-block-2073-6\" href=\"#carousel_ab32\" role=\"button\" data-u-slide=\"prev\">\n        <span aria-hidden=\"true\">\n          <svg class=\"u-svg-link\" viewbox=\"0 0 477.175 477.175\"><path d=\"M145.188,238.575l215.5-215.5c5.3-5.3,5.3-13.8,0-19.1s-13.8-5.3-19.1,0l-225.1,225.1c-5.3,5.3-5.3,13.8,0,19.1l225.1,225                    c2.6,2.6,6.1,4,9.5,4s6.9-1.3,9.5-4c5.3-5.3,5.3-13.8,0-19.1L145.188,238.575z\"><\/path><\/svg>\n        <\/span>\n        <span class=\"sr-only\">Previous<\/span>\n      <\/a>\n      <a class=\"u-carousel-control u-carousel-control-next u-icon-rectangle u-text-black u-text-hover-custom-color-2 u-block-2073-7\" href=\"#carousel_ab32\" role=\"button\" data-u-slide=\"next\">\n        <span aria-hidden=\"true\">\n          <svg class=\"u-svg-link\" viewbox=\"0 0 477.175 477.175\"><path d=\"M360.731,229.075l-225.1-225.1c-5.3-5.3-13.8-5.3-19.1,0s-5.3,13.8,0,19.1l215.5,215.5l-215.5,215.5                    c-5.3,5.3-5.3,13.8,0,19.1c2.6,2.6,6.1,4,9.5,4c3.4,0,6.9-1.3,9.5-4l225.1-225.1C365.931,242.875,365.931,234.275,360.731,229.075z\"><\/path><\/svg>\n        <\/span>\n        <span class=\"sr-only\">Siguiente<\/span>\n      <\/a>\n    <\/section>","protected":false},"excerpt":{"rendered":"<p>ARRETA PSIKOLOGIKOA ASPANOGIk laguntza psikologikoa ematen die gaixo dauden adingabeei eta haien familiei, Donostia Unibertsitate Ospitalean nahiz egoitza sozialaren bulegoan. Arreta indibiduala, familiako kide bakoitzaren beharretara egokitua, eta gaixotasunaren fase guztietan ematen dena. TRATAMENDU ETA OSPITALERATZEA&nbsp; Haurrei eta familiei laguntzen zaie emozionalki ingresuetara egokitzen,ingurune ezezagun hori.Pazienteek beldurra, kaltea, antsietatea sortzen dieten tratamenduetatik pasatzen dira etaerlaxazio-teknikak &hellip; <a href=\"https:\/\/ASPANOGI-qecodgqk4p.live-website.com\/es\/atencion-psicologica-2\/\" class=\"more-link\">Continue reading<span class=\"screen-reader-text\"> &#8220;Atenci\u00f3n psicol\u00f3gica&#8221;<\/span><\/a><\/p>","protected":false},"author":1,"featured_media":0,"parent":0,"menu_order":14,"comment_status":"closed","ping_status":"closed","template":"","meta":{"_eb_attr":"","footnotes":""},"class_list":["post-532","page","type-page","status-publish","hentry"],"jetpack_sharing_enabled":true,"_links":{"self":[{"href":"https:\/\/ASPANOGI-qecodgqk4p.live-website.com\/es\/wp-json\/wp\/v2\/pages\/532","targetHints":{"allow":["GET"]}}],"collection":[{"href":"https:\/\/ASPANOGI-qecodgqk4p.live-website.com\/es\/wp-json\/wp\/v2\/pages"}],"about":[{"href":"https:\/\/ASPANOGI-qecodgqk4p.live-website.com\/es\/wp-json\/wp\/v2\/types\/page"}],"author":[{"embeddable":true,"href":"https:\/\/ASPANOGI-qecodgqk4p.live-website.com\/es\/wp-json\/wp\/v2\/users\/1"}],"replies":[{"embeddable":true,"href":"https:\/\/ASPANOGI-qecodgqk4p.live-website.com\/es\/wp-json\/wp\/v2\/comments?post=532"}],"version-history":[{"count":1,"href":"https:\/\/ASPANOGI-qecodgqk4p.live-website.com\/es\/wp-json\/wp\/v2\/pages\/532\/revisions"}],"predecessor-version":[{"id":557,"href":"https:\/\/ASPANOGI-qecodgqk4p.live-website.com\/es\/wp-json\/wp\/v2\/pages\/532\/revisions\/557"}],"wp:attachment":[{"href":"https:\/\/ASPANOGI-qecodgqk4p.live-website.com\/es\/wp-json\/wp\/v2\/media?parent=532"}],"curies":[{"name":"wp","href":"https:\/\/api.w.org\/{rel}","templated":true}]}}