{"id":534,"date":"2023-07-04T11:07:39","date_gmt":"2023-07-04T11:07:39","guid":{"rendered":"https:\/\/ASPANOGI-qecodgqk4p.live-website.com\/que-es-el-cancer-infantil-2\/"},"modified":"2023-07-04T11:07:51","modified_gmt":"2023-07-04T11:07:51","slug":"que-es-el-cancer-infantil-2","status":"publish","type":"page","link":"https:\/\/ASPANOGI-qecodgqk4p.live-website.com\/es\/que-es-el-cancer-infantil-2\/","title":{"rendered":"Que es el c\u00e1ncer infantil"},"content":{"rendered":"<section class=\"u-clearfix u-section-1\" id=\"sec-629b\">\n      <div class=\"u-clearfix u-sheet u-sheet-1\">\n        <h2 class=\"u-align-center u-text u-text-1\" data-lang-es=\"<span class=&quot;u-text-custom-color-2&quot; data-block-type=&quot;&quot; style=&quot;font-size: 1.875rem;&quot;>\u200b Adolescentes y ni\u00f1os con c\u00e1ncer<\/span><span style=&quot;font-size: 1.875rem;&quot;><br><\/span><br><br><span style=&quot;font-size: 1.5rem;&quot;>El c\u00e1ncer infantojuvenil es la primera causa de muerte por enfermedad de los ni\u00f1os, ni\u00f1as y adolescentes de nuestro pa\u00eds. A pesar de esto, el c\u00e1ncer en menores es un gran desconocido para gran parte de la sociedad. Desde la Federaci\u00f3n queremos visibilizar esta enfermedad con datos e informaci\u00f3n.<\/span>\" data-lang-eu=\"<span class=&quot;u-text-custom-color-2&quot; style=&quot;font-size: 1.875rem;&quot;>Haur eta nerabe minbizia<\/span><span style=&quot;font-size: 1.875rem;&quot;><br><\/span><br><br><span style=&quot;font-size: 1.5rem;&quot;>\u200b<\/span>\u200b<span style=&quot;font-size: 1.5rem;&quot;>Haur eta nerabeen minbizia da hauen bigarren heriotz arrazoia, istripu eta intoxikazioen atzetik. Hala eta guztiz ere, adingabeen minbizia oso ezezaguna da gizartearen zati handi batentzat. Federaziotik gaixotasun hau datuen eta informazioaren bidez ikusarazi nahi dugu.<\/span>\">\n          <span class=\"u-text-custom-color-2\" style=\"font-size: 1.875rem;\">Haur eta nerabe minbizia<\/span>\n          <span style=\"font-size: 1.875rem;\">\n            <br>\n          <\/span>\n          <br>\n          <br>\n          <span style=\"font-size: 1.5rem;\"><\/span>\n          <span style=\"font-size: 1.5rem;\">Haur eta nerabeen minbizia da hauen bigarren heriotz arrazoia, istripu eta intoxikazioen atzetik. Hala eta guztiz ere, adingabeen minbizia oso ezezaguna da gizartearen zati handi batentzat. Federaziotik gaixotasun hau datuen eta informazioaren bidez ikusarazi nahi dugu.<\/span>\n        <\/h2>\n        <img decoding=\"async\" class=\"u-image u-image-default u-image-1\" src=\"https:\/\/ASPANOGI-qecodgqk4p.live-website.com\/wp-content\/uploads\/2023\/07\/269609792-0.png\" alt=\"\" data-image-width=\"5760\" data-image-height=\"3840\" data-lang-es=\"\" data-lang-eu=\"\">\n      <\/div>\n    <\/section>\n    <section class=\"u-align-center u-clearfix u-white u-section-2\" id=\"sec-6433\">\n      <div class=\"u-clearfix u-sheet u-sheet-1\">\n        <div class=\"u-border-3 u-border-custom-color-2 u-line u-line-horizontal u-opacity u-opacity-25 u-line-1\"><\/div>\n        <h2 class=\"u-text u-text-custom-color-2 u-text-1\" data-lang-es=\"Preguntas frecuentes sobre c\u00e1ncer en la infancia y adolescencia\" data-lang-eu=\"Haur eta nerabeen minbiziari buruzko galdera ohikoenak\">Haur eta nerabeen minbiziari buruzko galdera ohikoenak<\/h2>\n        <div class=\"u-accordion u-collapsed-by-default u-faq u-spacing-10 u-accordion-1\">\n          <div class=\"u-accordion-item\">\n            <a class=\"u-accordion-link u-button-style u-text-black u-white u-accordion-link-1\" id=\"link-accordion-f600\" aria-controls=\"accordion-f600\" aria-selected=\"false\">\n              <span class=\"u-accordion-link-text\" data-lang-es=\"\u00bfQu\u00e9 es el c\u00e1ncer infantil?\" data-lang-eu=\"Zer da haur minbizia?\">Zer da haur minbizia?<\/span><span class=\"u-accordion-link-icon u-accordion-link-icon-hidden u-icon u-text-grey-50 u-icon-1\"><svg class=\"u-svg-link\" preserveaspectratio=\"xMidYMin slice\" viewbox=\"0 0 448 448\" style=\"\"><use xmlns:xlink=\"http:\/\/www.w3.org\/1999\/xlink\" xlink:href=\"#svg-3ae2\"><\/use><\/svg><svg class=\"u-svg-content\" viewbox=\"0 0 448 448\" id=\"svg-3ae2\" style=\"\"><path d=\"m272 184c-4.417969 0-8-3.582031-8-8v-176h-80v176c0 4.417969-3.582031 8-8 8h-176v80h176c4.417969 0 8 3.582031 8 8v176h80v-176c0-4.417969 3.582031-8 8-8h176v-80zm0 0\"><\/path><\/svg><\/span>\n            <\/a>\n            <div class=\"u-accordion-pane u-container-style u-white u-accordion-pane-1\" id=\"accordion-f600\" aria-labelledby=\"link-accordion-f600\">\n              <div class=\"u-container-layout u-container-layout-1\">\n                <div class=\"fr-view u-clearfix u-rich-text u-text\" data-lang-es=\"<p>El t\u00e9rmino \u201cc\u00e1ncer infantil\u201d se refiere a aquellos tipos de c\u00e1ncer que se pueden aparecer en ni\u00f1os y adolescentes. No es posible definirlo de manera absoluta porque existen muchos tipos, los cuales pueden encontrarse en diferentes partes del cuerpo. <\/p>\" data-lang-eu=\"<p>&quot;Haurren minbizia&quot; terminoa haur eta nerabeetan ager daitezkeen minbizi motei dagokie. Ezin da zehatzki definitu, mota asko daudelako, eta horiek gorputzeko atal ezberdinetan aurki daitezkeelako.<\/p>\">\n                  <p>\"Haurren minbizia\" terminoa haur eta nerabeetan ager daitezkeen minbizi motei dagokie. Ezin da zehatzki definitu, mota asko daudelako, eta horiek gorputzeko atal ezberdinetan aurki daitezkeelako.<\/p>\n                <\/div>\n              <\/div>\n            <\/div>\n          <\/div>\n          <div class=\"u-accordion-item\">\n            <a class=\"u-accordion-link u-button-style u-text-black u-white u-accordion-link-2\" id=\"link-accordion-72f4\" aria-controls=\"accordion-72f4\" aria-selected=\"false\">\n              <span class=\"u-accordion-link-text\" data-lang-es=\"\u200b\u00bfCu\u00e1les son los tipos de c\u00e1ncer infantiles m\u00e1s frecuentes?\" data-lang-eu=\"Zeintzuk dira haur minbizi mota ohikoenak?\">Zeintzuk dira haur minbizi mota ohikoenak?<\/span><span class=\"u-accordion-link-icon u-accordion-link-icon-hidden u-icon u-text-grey-50 u-icon-2\"><svg class=\"u-svg-link\" preserveaspectratio=\"xMidYMin slice\" viewbox=\"0 0 448 448\" style=\"\"><use xmlns:xlink=\"http:\/\/www.w3.org\/1999\/xlink\" xlink:href=\"#svg-05a3\"><\/use><\/svg><svg class=\"u-svg-content\" viewbox=\"0 0 448 448\" id=\"svg-05a3\" style=\"\"><path d=\"m272 184c-4.417969 0-8-3.582031-8-8v-176h-80v176c0 4.417969-3.582031 8-8 8h-176v80h176c4.417969 0 8 3.582031 8 8v176h80v-176c0-4.417969 3.582031-8 8-8h176v-80zm0 0\"><\/path><\/svg><\/span>\n            <\/a>\n            <div class=\"u-accordion-pane u-container-style u-white u-accordion-pane-2\" id=\"accordion-72f4\" aria-labelledby=\"link-accordion-72f4\">\n              <div class=\"u-container-layout u-container-layout-2\">\n                <div class=\"fr-view u-clearfix u-rich-text u-text\" data-lang-es=\"<p>Cada a\u00f1o, en Espa\u00f1a, se detectan 1.500 nuevos casos de c\u00e1ncer infantil. 1.100 corresponden a ni\u00f1os y ni\u00f1as y 400 se encuentran en la adolescencia.En Gipuzkoa ronda de 20 a 30 casos anuales.<br style=&quot;color: rgb(77, 76, 76); font-family: Poppins; font-size: 17px; font-style: normal; font-variant-ligatures: normal; font-variant-caps: normal; font-weight: 300; letter-spacing: normal; orphans: 2; text-align: start; text-indent: 0px; text-transform: none; white-space: normal; widows: 2; word-spacing: 0px; -webkit-text-stroke-width: 0px; background-color: rgb(250, 250, 250); text-decoration-thickness: initial; text-decoration-style: initial; text-decoration-color: initial;&quot; id=&quot;isPasted&quot;>Los tipos de c\u00e1ncer en menores m\u00e1s comunes son: las leucemias (28,5%), los linfomas (11,9%) y los relacionados con el sistema nervioso central (23,6%). <\/p>\" data-lang-eu=\"<p id=&quot;isPasted&quot;>Urtero, Espainian, 1.500 haur-minbizi kasu berri detektatzen dira. 1.100 haurrenak dira eta 400 nerabezaroan daude. Gipuzkoan, urtean 20-30 kasu inguru izaten dira.<\/p><p>Adingabe arruntenen minbizi motak hauek dira: leuzemiak ( % 28,5), linfomak ( % 11,9) eta nerbio-sistema zentralarekin lotutakoak ( % 23,6).<\/p>\">\n                  <p id=\"isPasted\">Urtero, Espainian, 1.500 haur-minbizi kasu berri detektatzen dira. 1.100 haurrenak dira eta 400 nerabezaroan daude. Gipuzkoan, urtean 20-30 kasu inguru izaten dira.<\/p>\n                  <p>Adingabe arruntenen minbizi motak hauek dira: leuzemiak ( % 28,5), linfomak ( % 11,9) eta nerbio-sistema zentralarekin lotutakoak ( % 23,6).<\/p>\n                <\/div>\n              <\/div>\n            <\/div>\n          <\/div>\n          <div class=\"u-accordion-item\">\n            <a class=\"u-accordion-link u-button-style u-text-black u-white u-accordion-link-3\" id=\"link-accordion-854e\" aria-controls=\"accordion-854e\" aria-selected=\"false\">\n              <span class=\"u-accordion-link-text\" data-lang-es=\"\u200b\u00bfCu\u00e1les son los tratamientos m\u00e1s frecuentes contra el c\u00e1ncer infantil?\" data-lang-eu=\"Zeintzuk dira haur minbiziaren tratamendu ohikoenak?\">Zeintzuk dira haur minbiziaren tratamendu ohikoenak?<\/span><span class=\"u-accordion-link-icon u-accordion-link-icon-hidden u-icon u-text-grey-50 u-icon-3\"><svg class=\"u-svg-link\" preserveaspectratio=\"xMidYMin slice\" viewbox=\"0 0 448 448\" style=\"\"><use xmlns:xlink=\"http:\/\/www.w3.org\/1999\/xlink\" xlink:href=\"#svg-4a3a\"><\/use><\/svg><svg class=\"u-svg-content\" viewbox=\"0 0 448 448\" id=\"svg-4a3a\" style=\"\"><path d=\"m272 184c-4.417969 0-8-3.582031-8-8v-176h-80v176c0 4.417969-3.582031 8-8 8h-176v80h176c4.417969 0 8 3.582031 8 8v176h80v-176c0-4.417969 3.582031-8 8-8h176v-80zm0 0\"><\/path><\/svg><\/span>\n            <\/a>\n            <div class=\"u-accordion-pane u-container-style u-white u-accordion-pane-3\" id=\"accordion-854e\" aria-labelledby=\"link-accordion-854e\">\n              <div class=\"u-container-layout u-container-layout-3\">\n                <div class=\"fr-view u-clearfix u-rich-text u-text\" data-lang-es=\"<p id=&quot;isPasted&quot;>El tratamiento del c\u00e1ncer infantil ha ido evolucionando a lo largo de los a\u00f1os gracias al desarrollo de nuevas t\u00e9cnicas diagn\u00f3sticas y terap\u00e9uticas para controlar esta enfermedad.<\/p><p>Existen diferentes instrumentos para tratar la enfermedad, que se utilizar\u00e1n dependiendo de cada caso concreto.<\/p><ul style=&quot;box-sizing: border-box; margin: 20px 0px 0px; padding-left: 30px; color: rgb(77, 76, 76); font-family: Poppins; font-size: 17px; font-style: normal; font-variant-ligatures: normal; font-variant-caps: normal; font-weight: 300; letter-spacing: normal; orphans: 2; text-align: start; text-indent: 0px; text-transform: none; white-space: normal; widows: 2; word-spacing: 0px; -webkit-text-stroke-width: 0px; background-color: rgb(250, 250, 250); text-decoration-thickness: initial; text-decoration-style: initial; text-decoration-color: initial;&quot;><li><span style=&quot;font-weight: 700;&quot;>Cirug\u00eda<\/span>:&amp;nbsp;Es el m\u00e9todo m\u00e1s empleado para aquellos tumores peque\u00f1os y localizados en un lugar espec\u00edfico; consiste en la extirpaci\u00f3n local del tumor.<\/li><li><span style=&quot;font-weight: 700;&quot;>Quimioterapia<\/span>:&amp;nbsp;Uso de f\u00e1rmacos que act\u00faan sobre las c\u00e9lulas que se dividen con gran rapidez, que es lo que suelen hacer las c\u00e9lulas cancerosas. Sin embargo, tambi\u00e9n existen otras c\u00e9lulas que no son cancerosas y que tambi\u00e9n se dividen de forma r\u00e1pida. Actualmente se trabaja en la investigaci\u00f3n de medicamentos selectivos que dirijan sus efectos hacia las c\u00e9lulas cancerosas, pero afectando lo menos posible a las c\u00e9lulas sanas.<\/li><li><span style=&quot;font-weight: 700;&quot;>Radioterapia<\/span>:&amp;nbsp;Destruye las c\u00e9lulas cancerosas por medio de radiaciones de alta energ\u00eda. Las dem\u00e1s zonas del cuerpo se protegen para no recibir la radiaci\u00f3n.<\/li><li><span style=&quot;font-weight: 700;&quot;>Trasplante de m\u00e9dula \u00f3sea<\/span>: Se trata de un tratamiento m\u00e9dico que reemplaza la m\u00e9dula \u00f3sea da\u00f1ada por c\u00e9lulas sanas. Las c\u00e9lulas de reemplazo pueden provenir de su propio cuerpo o de un donante. Los riesgos y los beneficios se deben evaluar en detalle con el equipo de trasplante de m\u00e9dula \u00f3sea antes del procedimiento. Cada ni\u00f1o o ni\u00f1a experimenta las enfermedades en forma distinta y un trasplante de m\u00e9dula \u00f3sea puede no ser apropiado para todos los que padecen estas enfermedades.<\/li><\/ul>\" data-lang-eu=\"<p id=&quot;isPasted&quot;>Haurren minbiziaren tratamendua eboluzionatuz joan da urteetan zehar, gaixotasun hori kontrolatzeko teknika diagnostiko eta terapeutiko berrien garapenari esker.<\/p><p>Gaixotasuna tratatzeko hainbat tresna daude, eta kasu zehatz bakoitzaren arabera erabiliko dira.<\/p><p>-Kirurgia: tumore txikientzat eta leku jakin batean daudenentzat gehien erabiltzen den metodoa da; tumorearen erauzketa lokala da.<\/p><p>-Kimioterapia: Azkar banatzen diren zeluletan eragiten duten farmakoen erabilera, hori baita minbizi zelulek egin ohi dutena. Hala ere, badira minbizi ez diren beste zelula batzuk ere, azkar banatzen direnak. Gaur egun, sendagai selektiboak ikertzen ari dira, minbizi-zeluletara bideratzen dituztenak, baina zelula osasuntsuei ahalik eta gutxien eragiten dietenak.<\/p><p>-Erradioterapia: Minbizi-zelulak suntsitzen ditu energia handiko erradiazioen bidez. Gorputzeko gainerako eremuak erradiazioa ez jasotzeko babesten dira.<\/p><p>-Hezur-muinaren transplantea: Zelula osasuntsuek kaltetutako hezur-muina ordezkatzen duen tratamendu medikoa da. Ordezko zelulak beren gorputzetik edo emaile batetik etor daitezke. Arriskuak eta onurak zehatz-mehatz ebaluatu behar dira, prozeduraren aurretik hezur-muina transplantatzeko ekipoarekin. Haur bakoitzak modu desberdinean esperimentatzen ditu gaixotasunak, eta baliteke hezur-muinaren transplantea egokia ez izatea gaixotasun horiek dituzten guztientzat.<\/p>\">\n                  <p id=\"isPasted\">Haurren minbiziaren tratamendua eboluzionatuz joan da urteetan zehar, gaixotasun hori kontrolatzeko teknika diagnostiko eta terapeutiko berrien garapenari esker.<\/p>\n                  <p>Gaixotasuna tratatzeko hainbat tresna daude, eta kasu zehatz bakoitzaren arabera erabiliko dira.<\/p>\n                  <p>-Kirurgia: tumore txikientzat eta leku jakin batean daudenentzat gehien erabiltzen den metodoa da; tumorearen erauzketa lokala da.<\/p>\n                  <p>-Kimioterapia: Azkar banatzen diren zeluletan eragiten duten farmakoen erabilera, hori baita minbizi zelulek egin ohi dutena. Hala ere, badira minbizi ez diren beste zelula batzuk ere, azkar banatzen direnak. Gaur egun, sendagai selektiboak ikertzen ari dira, minbizi-zeluletara bideratzen dituztenak, baina zelula osasuntsuei ahalik eta gutxien eragiten dietenak.<\/p>\n                  <p>-Erradioterapia: Minbizi-zelulak suntsitzen ditu energia handiko erradiazioen bidez. Gorputzeko gainerako eremuak erradiazioa ez jasotzeko babesten dira.<\/p>\n                  <p>-Hezur-muinaren transplantea: Zelula osasuntsuek kaltetutako hezur-muina ordezkatzen duen tratamendu medikoa da. Ordezko zelulak beren gorputzetik edo emaile batetik etor daitezke. Arriskuak eta onurak zehatz-mehatz ebaluatu behar dira, prozeduraren aurretik hezur-muina transplantatzeko ekipoarekin. Haur bakoitzak modu desberdinean esperimentatzen ditu gaixotasunak, eta baliteke hezur-muinaren transplantea egokia ez izatea gaixotasun horiek dituzten guztientzat.<\/p>\n                <\/div>\n              <\/div>\n            <\/div>\n          <\/div>\n          <div class=\"u-accordion-item\">\n            <a class=\"u-accordion-link u-button-style u-text-black u-white u-accordion-link-4\" id=\"link-abd5\" aria-controls=\"abd5\" aria-selected=\"false\">\n              <span class=\"u-accordion-link-text\" data-lang-es=\"\u200b\u00bfQu\u00e9 provoca el c\u00e1ncer infantil?\" data-lang-eu=\"Zein da haur minibiziaren kausa?\">Zein da haur minibiziaren kausa?<\/span><span class=\"u-accordion-link-icon u-accordion-link-icon-hidden u-icon u-text-grey-50 u-icon-4\"><svg class=\"u-svg-link\" preserveaspectratio=\"xMidYMin slice\" viewbox=\"0 0 16 16\" style=\"\"><use xmlns:xlink=\"http:\/\/www.w3.org\/1999\/xlink\" xlink:href=\"#svg-d61a\"><\/use><\/svg><svg class=\"u-svg-content\" viewbox=\"0 0 16 16\" x=\"0px\" y=\"0px\" id=\"svg-d61a\"><path d=\"M8,10.7L1.6,5.3c-0.4-0.4-1-0.4-1.3,0c-0.4,0.4-0.4,0.9,0,1.3l7.2,6.1c0.1,0.1,0.4,0.2,0.6,0.2s0.4-0.1,0.6-0.2l7.1-6\tc0.4-0.4,0.4-0.9,0-1.3c-0.4-0.4-1-0.4-1.3,0L8,10.7z\"><\/path><\/svg><\/span>\n            <\/a>\n            <div class=\"u-accordion-pane u-container-style u-white u-accordion-pane-4\" id=\"abd5\" aria-labelledby=\"link-abd5\">\n              <div class=\"u-container-layout u-container-layout-4\">\n                <div class=\"fr-view u-clearfix u-rich-text u-text\" data-lang-es=\"<p>El c\u00e1ncer infantil se diferencia del adulto por su etiolog\u00eda y tratamientos. En relaci\u00f3n con la etiolog\u00eda en el caso pedi\u00e1trico la mayor\u00eda de las veces la causa es desconocida, mientras que en el adulto puede tener que ver con el entorno (exposici\u00f3n solar, contaminaci\u00f3n, alimentaci\u00f3n y h\u00e1bitos no saludables, envejecimiento\u2026). En el caso infantil son c\u00e1nceres relacionados con los tejidos, mientras que en los adultos son m\u00e1s comunes los que afectan a los \u00f3rganos.<\/p>\" data-lang-eu=\"<p>Haurren minbizia helduengandik bereizten da, etiologiaren eta tratamenduen arabera. Etiologiari dagokionez, pediatriako kasuan, gehienetan arrazoia ezezaguna da, eta helduengan, berriz, ingurunearekin zerikusia izan dezake (eguzki-esposizioa, kutsadura, elikadura eta ohitura ez-osasungarriak, zahartze fisikoa). Haurren kasuan, ehunekin lotutako minbiziak dira; helduen kasuan, berriz, ohikoagoak dira organoei eragiten dietenak.<\/p>\">\n                  <p>Haurren minbizia helduengandik bereizten da, etiologiaren eta tratamenduen arabera. Etiologiari dagokionez, pediatriako kasuan, gehienetan arrazoia ezezaguna da, eta helduengan, berriz, ingurunearekin zerikusia izan dezake (eguzki-esposizioa, kutsadura, elikadura eta ohitura ez-osasungarriak, zahartze fisikoa). Haurren kasuan, ehunekin lotutako minbiziak dira; helduen kasuan, berriz, ohikoagoak dira organoei eragiten dietenak.<\/p>\n                <\/div>\n              <\/div>\n            <\/div>\n          <\/div>\n        <\/div>\n        <h2 class=\"u-text u-text-6\" data-lang-es=\"Informaci\u00f3n obtenida de la Federaci\u00f3n Espa\u00f1ola de Ni\u00f1os con C\u00e1ncer\u200b\" data-lang-eu=\"Informaci\u00f3n obtenida de la Federaci\u00f3n Espa\u00f1ola de Ni\u00f1os con C\u00e1ncer\u200b\">Ni\u00f1os con c\u00e1ncer&nbsp;<\/h2>\n        <img decoding=\"async\" class=\"u-image u-image-contain u-image-default u-image-1\" src=\"https:\/\/ASPANOGI-qecodgqk4p.live-website.com\/wp-content\/uploads\/2023\/07\/LogoNiosconcancer1.png\" alt=\"\" data-image-width=\"700\" data-image-height=\"184\" data-lang-es=\"\" data-href=\"http:\/\/cancerinfantil.org\" data-lang-eu=\"\">\n      <\/div>\n    <\/section>","protected":false},"excerpt":{"rendered":"<p>Haur eta nerabe minbizia Haur eta nerabeen minbizia da hauen bigarren heriotz arrazoia, istripu eta intoxikazioen atzetik. Hala eta guztiz ere, adingabeen minbizia oso ezezaguna da gizartearen zati handi batentzat. Federaziotik gaixotasun hau datuen eta informazioaren bidez ikusarazi nahi dugu. Haur eta nerabeen minbiziari buruzko galdera ohikoenak Zer da haur minbizia? &#8220;Haurren minbizia&#8221; terminoa haur &hellip; <a href=\"https:\/\/ASPANOGI-qecodgqk4p.live-website.com\/es\/que-es-el-cancer-infantil-2\/\" class=\"more-link\">Continue reading<span class=\"screen-reader-text\"> &#8220;Que es el c\u00e1ncer infantil&#8221;<\/span><\/a><\/p>","protected":false},"author":1,"featured_media":0,"parent":0,"menu_order":16,"comment_status":"closed","ping_status":"closed","template":"","meta":{"_eb_attr":"","footnotes":""},"class_list":["post-534","page","type-page","status-publish","hentry"],"jetpack_sharing_enabled":true,"_links":{"self":[{"href":"https:\/\/ASPANOGI-qecodgqk4p.live-website.com\/es\/wp-json\/wp\/v2\/pages\/534","targetHints":{"allow":["GET"]}}],"collection":[{"href":"https:\/\/ASPANOGI-qecodgqk4p.live-website.com\/es\/wp-json\/wp\/v2\/pages"}],"about":[{"href":"https:\/\/ASPANOGI-qecodgqk4p.live-website.com\/es\/wp-json\/wp\/v2\/types\/page"}],"author":[{"embeddable":true,"href":"https:\/\/ASPANOGI-qecodgqk4p.live-website.com\/es\/wp-json\/wp\/v2\/users\/1"}],"replies":[{"embeddable":true,"href":"https:\/\/ASPANOGI-qecodgqk4p.live-website.com\/es\/wp-json\/wp\/v2\/comments?post=534"}],"version-history":[{"count":1,"href":"https:\/\/ASPANOGI-qecodgqk4p.live-website.com\/es\/wp-json\/wp\/v2\/pages\/534\/revisions"}],"predecessor-version":[{"id":559,"href":"https:\/\/ASPANOGI-qecodgqk4p.live-website.com\/es\/wp-json\/wp\/v2\/pages\/534\/revisions\/559"}],"wp:attachment":[{"href":"https:\/\/ASPANOGI-qecodgqk4p.live-website.com\/es\/wp-json\/wp\/v2\/media?parent=534"}],"curies":[{"name":"wp","href":"https:\/\/api.w.org\/{rel}","templated":true}]}}