{"id":536,"date":"2023-07-04T11:07:41","date_gmt":"2023-07-04T11:07:41","guid":{"rendered":"https:\/\/ASPANOGI-qecodgqk4p.live-website.com\/establecimiento-solidario-2\/"},"modified":"2023-07-04T11:07:52","modified_gmt":"2023-07-04T11:07:52","slug":"establecimiento-solidario-2","status":"publish","type":"page","link":"https:\/\/ASPANOGI-qecodgqk4p.live-website.com\/es\/establecimiento-solidario-2\/","title":{"rendered":"Establecimiento solidario"},"content":{"rendered":"<section class=\"u-clearfix u-image u-section-1\" id=\"sec-f052\" data-image-width=\"1600\" data-image-height=\"678\" style=\"background-image: url(&quot;https:\/\/ASPANOGI-qecodgqk4p.live-website.com\/wp-content\/uploads\/2023\/07\/TodoRecortado.jpg&quot;);\"><\/section>\n    <section class=\"u-clearfix u-section-2\" id=\"sec-c315\">\n      <div class=\"u-clearfix u-sheet u-sheet-1\">\n        <h2 class=\"u-text u-text-default u-text-1\" data-lang-es=\"ESTABLECIMIENTO SOLIDARIO\" data-lang-eu=\"ESTABLEZIMENDU SOLIDARIOA\">ESTABLEZIMENDU SOLIDARIOA<\/h2>\n        <h2 class=\"u-align-center u-text u-text-custom-color-2 u-text-2\" data-lang-eu=\"\u200bGipuzkoan establezimendu bat duzu eta ASPANOGI osatzen duten kolaboratzaile ugarietako bat izan nahi duzu?\" data-lang-es=\"\u00bfTienes un establecimiento en Gipuzkoa y quieres ser uno de los muchos colaboradores que forman ASPANOGI?\"> Gipuzkoan establezimendu bat duzu eta ASPANOGI osatzen duten kolaboratzaile ugarietako bat izan nahi duzu?<\/h2>\n        <img decoding=\"async\" class=\"u-image u-image-round u-radius-50 u-image-1\" src=\"https:\/\/ASPANOGI-qecodgqk4p.live-website.com\/wp-content\/uploads\/2023\/07\/WhatsAppImage2023-06-29at09.04.32.jpeg\" alt=\"\" data-image-width=\"1600\" data-image-height=\"1200\" data-lang-eu=\"\" data-lang-es=\"\">\n        <h2 class=\"u-align-left u-text u-text-3\" data-lang-eu=\"\u200bHainbat aukera dituzu ASPANOGIrekin lankidetzan aritzeko eta, horrela, minbizia duten Gipuzkoako adingabe eta nerabeen eta haien familien bizi-kalitatea hobetzeko.\" data-lang-es=\"Tienes varias opci\u00f3nes disponibles si quieres colaborar con ASPANOGI y as\u00ed mejorar la calidad de vida de los y las menores y adolescentes con c\u00e1ncer de Gipuzkoa y sus familias.<br>\"> Hainbat aukera dituzu ASPANOGIrekin lankidetzan aritzeko eta, horrela, minbizia duten Gipuzkoako adingabe eta nerabeen eta haien familien bizi-kalitatea hobetzeko.<\/h2>\n        <div class=\"u-border-6 u-border-custom-color-1 u-line u-line-horizontal u-opacity u-opacity-55 u-line-1\"><\/div>\n      <\/div>\n    <\/section>\n    <section class=\"u-clearfix u-section-3\" id=\"sec-b3aa\">\n      <div class=\"u-clearfix u-sheet u-sheet-1\">\n        <div class=\"u-expanded-width u-list u-list-1\">\n          <div class=\"u-repeater u-repeater-1\">\n            <div class=\"u-align-center u-border-4 u-border-custom-color-2 u-container-style u-list-item u-radius-50 u-repeater-item u-shape-round\">\n              <div class=\"u-container-layout u-similar-container u-container-layout-1\"><span class=\"u-file-icon u-icon u-icon-1\"><img decoding=\"async\" src=\"https:\/\/ASPANOGI-qecodgqk4p.live-website.com\/wp-content\/uploads\/2023\/07\/149457.png\" alt=\"\"><\/span>\n                <h3 class=\"u-text u-text-custom-color-1 u-text-default u-text-1\" data-lang-eu=\"Nomina solidarioa\" data-lang-es=\"Nomina solidaria\">Nomina solidarioa<\/h3>\n                <p class=\"u-text u-text-default u-text-2\" data-lang-eu=\"Zure langileekin hitz egin duzu edota irabazien portzentai bat ASPANOGIri laguntzeko erabili nahi duzu?<br>Guk egingo dizugu gestioa\" data-lang-es=\"\u200b\u00bfHas hablado con tu personal o compa\u00f1eros o quieres utilizar una donaci\u00f3n de beneficios para ayudar a ASPANOGI?<br>\u00a1Nosotros te haremos la gesti\u00f3n!\">Zure langileekin hitz egin duzu edota irabazien portzentai bat ASPANOGIri laguntzeko erabili nahi duzu?<br>Guk egingo dizugu gestioa\n                <\/p>\n              <\/div>\n            <\/div>\n            <div class=\"u-align-center u-border-4 u-border-custom-color-2 u-container-style u-list-item u-radius-50 u-repeater-item u-shape-round\">\n              <div class=\"u-container-layout u-similar-container u-container-layout-2\"><span class=\"u-file-icon u-icon u-icon-2\"><img decoding=\"async\" src=\"https:\/\/ASPANOGI-qecodgqk4p.live-website.com\/wp-content\/uploads\/2023\/07\/149197.png\" alt=\"\"><\/span>\n                <h3 class=\"u-text u-text-custom-color-1 u-text-default u-text-3\" data-lang-eu=\"Ekintza solidarioa\" data-lang-es=\"Evento solidario\">Ekintza solidarioa<\/h3>\n                <p class=\"u-text u-text-default u-text-4\" data-lang-eu=\"Ekintza solidario egin nahi duzu eta ASPANOGI ikusgarritasuna eman nahi diozu?<br>Lagunduko dizugu!\" data-lang-es=\"\u200b\u00bfQuieres realizar una acci\u00f3n solidaria y dar visibilidad a ASPANOGI?<br>\u00a1Te ayudamos!\">Ekintza solidario egin nahi duzu eta ASPANOGI ikusgarritasuna eman nahi diozu?<br>Lagunduko dizugu!\n                <\/p>\n              <\/div>\n            <\/div>\n            <div class=\"u-align-center u-border-4 u-border-custom-color-2 u-container-style u-list-item u-radius-50 u-repeater-item u-shape-round\">\n              <div class=\"u-container-layout u-similar-container u-container-layout-3\"><span class=\"u-icon u-icon-3\"><svg class=\"u-svg-link\" preserveaspectratio=\"xMidYMin slice\" viewbox=\"0 0 128 128\" style=\"\"><use xmlns:xlink=\"http:\/\/www.w3.org\/1999\/xlink\" xlink:href=\"#svg-3390\"><\/use><\/svg><svg class=\"u-svg-content\" viewbox=\"0 0 128 128\" id=\"svg-3390\"><path d=\"m40.6 11c2.3 0 4.4 0.9 6.1 2.5 5.4 5.4 10.8 19.2 8.9 21.2 0 0-0.3 0.3-1.5 0.3-5.5 0-16.1-5.7-19.5-9.2-3.4-3.4-3.4-8.9 0-12.2 1.5-1.7 3.7-2.6 6-2.6m46.8 0.1c2.2 0 4.4 0.8 6.1 2.4 3.4 3.4 3.4 8.9 0 12.2-3.4 3.5-14 9.2-19.5 9.2-1.1 0-1.5-0.3-1.5-0.3-1.9-1.9 3.5-15.7 8.9-21.2 1.6-1.5 3.8-2.3 6-2.3m32.6 32.1v16h-52v-16h52m-60 0v16h-52v-16h52m52 23.9v47.9h-44v-47.9h44m-52 0v47.9h-44v-47.9h44m-19.4-64.1c-4.4 0-8.6 1.7-11.7 4.9-6.5 6.5-6.5 17 0 23.5 1.2 1.2 2.8 2.5 4.7 3.8h-25.6c-4.4 0-8 3.6-8 8v24h8v55.8h112v-55.9h8v-24c0-4.4-3.6-8-8-8h-25.6c1.9-1.3 3.6-2.6 4.7-3.8 6.5-6.5 6.5-17 0-23.5-3-3-7.3-4.8-11.7-4.8s-8.7 1.7-11.7 4.8c-4.6 4.6-7.8 11.7-8.9 14.5-2.2 5.4-3 9.5-2.5 12.8h-0.5c0.5-3.2-0.4-7.4-2.5-12.8-1.2-2.8-4.3-9.9-8.9-14.5-3.2-3.1-7.4-4.8-11.8-4.8z\"><\/path><\/svg>\n            \n            \n          <\/span>\n                <h3 class=\"u-text u-text-custom-color-1 u-text-default u-text-5\" data-lang-eu=\"Hucha solidarioa\" data-lang-es=\"Hucha solidaria\">Hucha solidarioa<\/h3>\n                <p class=\"u-text u-text-default u-text-6\" data-lang-eu=\"Zure establezimenduan ASPANOGIren hucha utzi edo gure merchandisinga salmentan jarri nahi zure bezaroari dohaintza egiteko aukera emateko\" data-lang-es=\"\u200b\u00bfQuieres dejar en tu establecimiento una hucha o poner a la venta merchandising de&amp;nbsp;ASPANOGI para dar a tu clientela la oportunidad de donar?<br>\u00a1Contactanos!\">Zure establezimenduan ASPANOGIren hucha utzi edo gure merchandisinga salmentan jarri nahi zure bezaroari dohaintza egiteko aukera emateko<\/p>\n              <\/div>\n            <\/div>\n          <\/div>\n        <\/div>\n        <div class=\"u-border-6 u-border-custom-color-1 u-line u-line-horizontal u-opacity u-opacity-55 u-line-1\"><\/div>\n      <\/div>\n    <\/section>\n    <section class=\"u-align-center u-clearfix u-section-4\" id=\"sec-265a\">\n      <div class=\"u-clearfix u-sheet u-valign-middle u-sheet-1\">\n        <div class=\"u-clearfix u-expanded-width u-layout-wrap u-layout-wrap-1\">\n          <div class=\"u-gutter-0 u-layout\">\n            <div class=\"u-layout-row\">\n              <div class=\"u-align-center u-container-style u-layout-cell u-size-30 u-layout-cell-1\">\n                <div class=\"u-container-layout u-container-layout-1\">\n                  <h2 class=\"u-text u-text-custom-color-2 u-text-1\" data-lang-eu=\"Zalantzarik daukazu?\" data-lang-es=\"\u00bfTienes alguna duda?\">Zalantzarik daukazu?<\/h2>\n                  <p class=\"u-text u-text-grey-50 u-text-2\" data-lang-eu=\"Zure empresa&amp;nbsp;\" data-lang-es=\"Si te podemos resolver cualquier duda, no dudes en contactar con nosotros mediante el siguiente formulario, o sin\u00f3, escribenos directamente a:&amp;nbsp;<br><br>comunicacion@aspanogi.org\"> Zalantzarik izanez gero, jar zaitez gurekin harremanetan formulario honen bidez, edo bestela, idatzi zuzenean helbide honetara:<br>\n                    <br>comunicacion@aspanogi.org\n                  <\/p>\n                <\/div>\n              <\/div>\n              <div class=\"u-align-left u-container-style u-layout-cell u-size-30 u-layout-cell-2\">\n                <div class=\"u-container-layout u-valign-middle u-container-layout-2\">\n                  <div class=\"u-border-2 u-border-grey-75 u-expanded-width u-form u-form-1\">\n                    <form action=\"https:\/\/forms.nicepagesrv.com\/v2\/form\/process\" class=\"u-clearfix u-form-spacing-24 u-form-vertical u-inner-form\" style=\"padding: 24px;\" source=\"email\" name=\"form\">\n                      <div class=\"u-form-group u-form-name u-label-none\">\n                        <label class=\"u-form-control-hidden u-label\" data-lang-eu=\"\" data-lang-es=\"\"><\/label>\n                        <input type=\"text\" placeholder=\"Zure izena\" id=\"name-3b9a\" name=\"name\" class=\"u-border-2 u-border-black u-border-no-left u-border-no-right u-border-no-top u-input u-input-rectangle u-input-1\" required=\"\" data-lang-eu=\"Zure izena\" data-lang-es=\"Tu nombre\">\n                      <\/div>\n                      <div class=\"u-form-email u-form-group u-label-none\">\n                        <label class=\"u-label\" data-lang-eu=\"Email\" data-lang-es=\"Email\">Email<\/label>\n                        <input type=\"email\" placeholder=\"E-mail\" id=\"email-3b9a\" name=\"email\" class=\"u-border-2 u-border-black u-border-no-left u-border-no-right u-border-no-top u-input u-input-rectangle u-input-2\" required=\"\" data-lang-eu=\"E-mail\" data-lang-es=\"E-mail\">\n                      <\/div>\n                      <div class=\"u-form-group u-form-message u-label-none\">\n                        <label class=\"u-label\" data-lang-eu=\"Message\" data-lang-es=\"Message\">Message<\/label>\n                        <textarea placeholder=\"Idatzi hemen zure zalantza\" id=\"message-3b9a\" name=\"message\" class=\"u-border-2 u-border-black u-border-no-left u-border-no-right u-border-no-top u-input u-input-rectangle u-input-3\" required=\"\" data-lang-eu=\"Idatzi hemen zure zalantza\" data-lang-es=\"Escribe aqu\u00ed tu consulta\"><\/textarea>\n                      <\/div>\n                      <div class=\"u-align-left u-form-group u-form-submit u-label-none\">\n                        <a href=\"#\" class=\"u-border-4 u-border-custom-color-2 u-btn u-btn-rectangle u-btn-submit u-button-style u-none u-btn-1\" data-lang-eu=\"{&quot;content&quot;:&quot;Bidali kontsulta&quot;,&quot;href&quot;:&quot;#&quot;}\" data-lang-es=\"{&quot;content&quot;:&quot;Enviar consulta&quot;,&quot;href&quot;:&quot;#&quot;}\">Bidali kontsulta<\/a>\n                        <input type=\"submit\" value=\"submit\" class=\"u-form-control-hidden\">\n                      <\/div>\n                      <div class=\"u-form-send-message u-form-send-success\" data-lang-eu=\" Thank you! Your message has been sent. \" data-lang-es=\"Tu consulta se ha enviado con \u00e9xito, te contestaremos a la mayor brevedad.\"> Thank you! Your message has been sent. <\/div>\n                      <div class=\"u-form-send-error u-form-send-message\" data-lang-eu=\" Unable to send your message. Please fix errors then try again. \" data-lang-es=\"Algo ha fallado, intentalo de nuevo m\u00e1s tarde.\"> Unable to send your message. Please fix errors then try again. <\/div>\n                      <input type=\"hidden\" value=\"\" name=\"recaptchaResponse\">\n                      <input type=\"hidden\" name=\"formServices\" value=\"e2c0ba420328958be6db792698322798\">\n                      <input type=\"hidden\" name=\"siteKey\" value=\"6LcLvOIlAAAAACrJvXnRUXlogwJeH0-qbHU4A3at\">\n                    <\/form>\n                  <\/div>\n                <\/div>\n              <\/div>\n            <\/div>\n          <\/div>\n        <\/div>\n      <\/div>\n    <\/section>","protected":false},"excerpt":{"rendered":"<p>ESTABLEZIMENDU SOLIDARIOA Gipuzkoan establezimendu bat duzu eta ASPANOGI osatzen duten kolaboratzaile ugarietako bat izan nahi duzu? Hainbat aukera dituzu ASPANOGIrekin lankidetzan aritzeko eta, horrela, minbizia duten Gipuzkoako adingabe eta nerabeen eta haien familien bizi-kalitatea hobetzeko. Nomina solidarioa Zure langileekin hitz egin duzu edota irabazien portzentai bat ASPANOGIri laguntzeko erabili nahi duzu?Guk egingo dizugu gestioa Ekintza &hellip; <a href=\"https:\/\/ASPANOGI-qecodgqk4p.live-website.com\/es\/establecimiento-solidario-2\/\" class=\"more-link\">Continue reading<span class=\"screen-reader-text\"> &#8220;Establecimiento solidario&#8221;<\/span><\/a><\/p>","protected":false},"author":1,"featured_media":0,"parent":0,"menu_order":18,"comment_status":"closed","ping_status":"closed","template":"","meta":{"_eb_attr":"","footnotes":""},"class_list":["post-536","page","type-page","status-publish","hentry"],"jetpack_sharing_enabled":true,"_links":{"self":[{"href":"https:\/\/ASPANOGI-qecodgqk4p.live-website.com\/es\/wp-json\/wp\/v2\/pages\/536","targetHints":{"allow":["GET"]}}],"collection":[{"href":"https:\/\/ASPANOGI-qecodgqk4p.live-website.com\/es\/wp-json\/wp\/v2\/pages"}],"about":[{"href":"https:\/\/ASPANOGI-qecodgqk4p.live-website.com\/es\/wp-json\/wp\/v2\/types\/page"}],"author":[{"embeddable":true,"href":"https:\/\/ASPANOGI-qecodgqk4p.live-website.com\/es\/wp-json\/wp\/v2\/users\/1"}],"replies":[{"embeddable":true,"href":"https:\/\/ASPANOGI-qecodgqk4p.live-website.com\/es\/wp-json\/wp\/v2\/comments?post=536"}],"version-history":[{"count":1,"href":"https:\/\/ASPANOGI-qecodgqk4p.live-website.com\/es\/wp-json\/wp\/v2\/pages\/536\/revisions"}],"predecessor-version":[{"id":561,"href":"https:\/\/ASPANOGI-qecodgqk4p.live-website.com\/es\/wp-json\/wp\/v2\/pages\/536\/revisions\/561"}],"wp:attachment":[{"href":"https:\/\/ASPANOGI-qecodgqk4p.live-website.com\/es\/wp-json\/wp\/v2\/media?parent=536"}],"curies":[{"name":"wp","href":"https:\/\/api.w.org\/{rel}","templated":true}]}}