{"id":538,"date":"2023-07-04T11:07:43","date_gmt":"2023-07-04T11:07:43","guid":{"rendered":"https:\/\/ASPANOGI-qecodgqk4p.live-website.com\/bodas-y-celebraciones-2\/"},"modified":"2023-07-04T11:07:52","modified_gmt":"2023-07-04T11:07:52","slug":"bodas-y-celebraciones-2","status":"publish","type":"page","link":"https:\/\/ASPANOGI-qecodgqk4p.live-website.com\/es\/bodas-y-celebraciones-2\/","title":{"rendered":"Bodas y celebraciones"},"content":{"rendered":"<section class=\"u-clearfix u-section-1\" id=\"sec-795f\">\n      <div class=\"u-clearfix u-sheet u-sheet-1\">\n        <h3 class=\"u-align-center-xs u-text u-text-default u-text-1\" data-lang-es=\"Celebraciones y eventos y ayudar a ASPANOGI\" data-lang-eu=\"Festas eta ekintzas ASPANOGIri laguntzeko\">Festas eta ekintzas ASPANOGIri laguntzeko<\/h3>\n        <h4 class=\"u-align-center u-text u-text-custom-color-2 u-text-default u-text-2\" data-lang-es=\"\u00bfQuieres compartir con nosotros una celebraci\u00f3n especial?\" data-lang-eu=\"Gurekin festa edo ekintzaren bat partekatu nahi duzu?\">Gurekin festa edo ekintzaren bat partekatu nahi duzu?<\/h4>\n        <img decoding=\"async\" class=\"u-expanded-width-xs u-image u-image-contain u-image-default u-image-1\" src=\"https:\/\/ASPANOGI-qecodgqk4p.live-website.com\/wp-content\/uploads\/2023\/07\/090884d9352b229f32f4b81fa9b8bf1516ef26417f7266e5c1dc0fbaf710d0268b6e628379dc50066db0cec0190ad264a96b8b3e36a02f335f6660_1280.png\" alt=\"\" data-image-width=\"921\" data-image-height=\"1280\" data-lang-es=\"\" data-lang-eu=\"\">\n        <img decoding=\"async\" class=\"u-image u-image-contain u-image-default u-image-2\" src=\"https:\/\/ASPANOGI-qecodgqk4p.live-website.com\/wp-content\/uploads\/2023\/07\/LazoDorado.png\" alt=\"\" data-image-width=\"217\" data-image-height=\"340\" data-lang-es=\"\" data-lang-eu=\"\">\n        <img decoding=\"async\" class=\"u-image u-image-contain u-image-default u-image-3\" src=\"https:\/\/ASPANOGI-qecodgqk4p.live-website.com\/wp-content\/uploads\/2023\/07\/LazoDorado.png\" alt=\"\" data-image-width=\"217\" data-image-height=\"340\" data-lang-es=\"\" data-lang-eu=\"\">\n        <h5 class=\"u-align-center u-text u-text-default u-text-3\" data-lang-es=\"\u200bCelebra con nosotros tu boda, comuni\u00f3n, bautizo, cumplea\u00f1os, etc. y sorprende a tus invitados con un bonito detalle que perdurar\u00e1 en el tiempo: \u201cTu Solidaridad\u201d.Haz de que tu celebraci\u00f3n sea una ocasi\u00f3n a\u00fan m\u00e1s especial haci\u00e9ndola Solidaria y ayudar\u00e1s a muchos ni\u00f1os y ni\u00f1as con c\u00e1ncer de Gipuzkoa a superar la enfermedad.\" data-lang-eu=\"\u200bOspatu gurekin zure ezkontza, jaunartzea, bataioa, urtebetetzea, etab. eta harritu zure gonbidatuak denboran iraungo duen xehetasun polit batekin: Zure elkartasuna. Zure ospakizuna are aukera bereziagoa izan dadin, solidarioa izan dadin, eta minbizia duten Gipuzkoako haur askori gaixotasuna gainditzen lagunduko diezu.\"> Ospatu gurekin zure ezkontza, jaunartzea, bataioa, urtebetetzea, etab. eta harritu zure gonbidatuak denboran iraungo duen xehetasun polit batekin: Zure elkartasuna. Zure ospakizuna are aukera bereziagoa izan dadin, solidarioa izan dadin, eta minbizia duten Gipuzkoako haur askori gaixotasuna gainditzen lagunduko diezu.<\/h5>\n      <\/div>\n    <\/section>\n    <section class=\"u-clearfix u-section-2\" id=\"sec-2e32\">\n      <div class=\"u-clearfix u-sheet u-sheet-1\">\n        <h3 class=\"u-align-center u-text u-text-default u-text-1\" data-lang-es=\"\u200bEscribenos explicando el tipo de evento que vais a celebrar y te podemos ayudar con la idea que tengas para colaborar con <span class=&quot;u-text-custom-color-2&quot;>ASPANOGI<\/span>, o proponerte las ideas que mas se adapten a tu celebraci\u00f3n.&amp;nbsp;\" data-lang-eu=\"\u200bIdatz iezaguzu zer ekitaldi mota egingo duzuen, eta ASPANOGIrekin lankidetzan aritzeko edo zure ospakizunera gehien egokitzen diren ideiak proposatzeko duzun ideiarekin lagun diezazukegu\"> Idatz iezaguzu zer ekitaldi mota egingo duzuen, eta ASPANOGIrekin lankidetzan aritzeko edo zure ospakizunera gehien egokitzen diren ideiak proposatzeko duzun ideiarekin lagun diezazukegu<\/h3>\n        <h2 class=\"u-align-center u-text u-text-default u-text-2\" data-lang-es=\"\u200bRellena el formulario con tus datos y nos pondremos en contacto contigo\" data-lang-eu=\"Bete urrengo formularioa zer egin nahi duzun esanez eta lehenbailen erantzungo dizuegu\">Bete urrengo formularioa zer egin nahi duzun esanez eta lehenbailen erantzungo dizuegu<\/h2>\n        <div class=\"u-form u-form-1\">\n          <form action=\"https:\/\/forms.nicepagesrv.com\/v2\/form\/process\" class=\"u-clearfix u-form-spacing-10 u-form-vertical u-inner-form\" source=\"email\" name=\"form\" style=\"padding: 10px;\">\n            <div class=\"u-form-group u-form-name\">\n              <label class=\"u-label\" data-lang-es=\"Nombre\" data-lang-eu=\"Izen-abizenak\">Izen-abizenak<\/label>\n              <input type=\"text\" placeholder=\"Zure izen-abizenak\" id=\"name-0b8c\" name=\"name\" class=\"u-input u-input-rectangle\" required=\"\" data-lang-es=\"Introduzca su nombre\" data-lang-eu=\"Zure izen-abizenak\">\n            <\/div>\n            <div class=\"u-form-email u-form-group\">\n              <label class=\"u-label\" data-lang-es=\"Email\" data-lang-eu=\"Email\">Email<\/label>\n              <input type=\"email\" placeholder=\"E-maila\" id=\"email-0b8c\" name=\"email\" class=\"u-input u-input-rectangle\" required=\"\" data-lang-es=\"Introduzca una direcci\u00f3n de correo electr\u00f3nico v\u00e1lida\" data-lang-eu=\"E-maila\">\n            <\/div>\n            <div class=\"u-form-group u-form-phone u-form-group-3\">\n              <label class=\"u-label\" data-lang-es=\"Tel\u00e9fono\" data-lang-eu=\"Telefonoa\">Telefonoa<\/label>\n              <div class=\"iti iti--allow-dropdown\">\n                <div class=\"iti__flag-container\">\n                  <div class=\"iti__selected-flag\" role=\"combobox\" aria-controls=\"iti-0__country-listbox\" aria-owns=\"iti-0__country-listbox\" aria-expanded=\"false\" tabindex=\"0\" title=\"United States: +1\" aria-activedescendant=\"iti-0__item-us-preferred\"><!--div class=\"iti__flag iti__us\"><\/div-->\n                    <svg version=\"1.1\" id=\"Layer_1\" xmlns=\"http:\/\/www.w3.org\/2000\/svg\" xmlns:xlink=\"http:\/\/www.w3.org\/1999\/xlink\" x=\"0px\" y=\"0px\" width=\"112px\" height=\"112px\" viewbox=\"0 0 112 112\" enable-background=\"new 0 0 112 112\" xml:space=\"preserve\" style=\"width: 1.2em; height: 1.2em;\"><rect y=\"76\" fill=\"#B5002A\" width=\"112\" height=\"20\"><\/rect><rect y=\"16\" fill=\"#B5002A\" width=\"112\" height=\"20\"><\/rect><rect y=\"36\" fill=\"#F4C327\" width=\"112\" height=\"40\"><\/rect><path fill=\"#CACACA\" d=\"M27.5,69.9c-3,0-6-0.7-8.4-1.9c-1.8-0.9-3-2.7-3-4.8v-7.5h22.9v7.5c0,2.1-1.2,3.9-3,4.8\tC33.4,69.2,30.5,69.9,27.5,69.9L27.5,69.9z\"><\/path><rect x=\"27.5\" y=\"43\" fill=\"#CACACA\" width=\"11.5\" height=\"12.6\"><\/rect><path fill=\"#9D0025\" d=\"M27.5,63.2c0,3-2.5,5.4-5.7,5.4c-3.2,0-5.7-2.4-5.7-5.4v-7.6h11.4V63.2L27.5,63.2z\"><\/path><path fill=\"#C1B020\" d=\"M18.5,67.6c0.4,0.2,0.9,0.5,1.4,0.6l0-12.9h-1.4V67.6z\"><\/path><path fill=\"#C1B020\" d=\"M16,63.1c0,1.6,0.7,2.8,1.3,3.6V55.4H16L16,63.1z\"><\/path><path fill=\"#C0B420\" d=\"M21.1,68.6c0.5,0.1,0.9,0,1.3,0V55.4h-1.3V68.6z\"><\/path><path fill=\"#C1B020\" d=\"M23.6,68.3c0.5-0.1,1.1-0.4,1.4-0.6V55.4h-1.3L23.6,68.3z\"><\/path><rect x=\"16\" y=\"43\" fill=\"#9D0025\" width=\"11.4\" height=\"12.6\"><\/rect><path fill=\"#C1B020\" d=\"M26.2,66.5c0.5-0.5,1.1-1.6,1.3-2.9l0-8.3h-1.3L26.2,66.5z\"><\/path><g><path d=\"M26.2,66.7l0-11.3l1.4-0.1l0,8.3c-0.2,1.3-0.7,2.4-1.3,2.9L26.2,66.7L26.2,66.7z M27.5,55.4l-1.3,0.1l0.1,11\t\tc0.5-0.5,1-1.6,1.1-2.8L27.5,55.4L27.5,55.4z\"><\/path>\n<\/g><path fill=\"#9D0025\" d=\"M39,55.6v7.6c0,3-2.6,5.4-5.7,5.4c-3.2,0-5.7-2.4-5.7-5.4v-7.6H39L39,55.6z\"><\/path><\/svg>\n                    <div class=\"iti__arrow\"><\/div>\n                  <\/div>\n                <\/div>\n                <input type=\"tel\" placeholder=\"Idatzi zure telefonoa\" id=\"phone-a091\" name=\"phone\" class=\"u-input u-input-rectangle\" required=\"\" data-lang-es=\"Ingrese su tel\u00e9fono (por ejemplo, +14155552675)\" data-lang-eu=\"Idatzi zure telefonoa\">\n              <\/div>\n            <\/div>\n            <div class=\"u-form-group u-form-group-4\">\n              <label class=\"u-label\" data-lang-es=\"Tipo de celebraci\u00f3n\" data-lang-eu=\"Ospakizun mota\">Ospakizun mota<\/label>\n              <input type=\"text\" placeholder=\"Ospakizuna\" id=\"text-ff55\" name=\"text\" class=\"u-input u-input-rectangle\" data-lang-es=\"Celebraci\u00f3n\" data-lang-eu=\"Ospakizuna\">\n            <\/div>\n            <div class=\"u-form-group u-form-message\">\n              <label class=\"u-label\" data-lang-es=\"\u00bfCu\u00e1sl es tu idea?\" data-lang-eu=\"Zein da zure ideia?\">Zein da zure ideia?<\/label>\n              <textarea placeholder=\"Komentatu proposamena\" id=\"message-0b8c\" name=\"message\" class=\"u-input u-input-rectangle\" required=\"\" data-lang-es=\"Ingrese su mensaje\" data-lang-eu=\"Komentatu proposamena\"><\/textarea>\n            <\/div>\n            <div class=\"u-form-agree u-form-group u-form-group-6\">\n              <label class=\"u-block-384f-14 u-field-label\" data-lang-es=\"\" style=\"\"><\/label>\n              <input type=\"checkbox\" id=\"agree-a46d\" name=\"agree\" class=\"u-agree-checkbox u-field-input\" required=\"\">\n              <label for=\"agree-a46d\" class=\"u-agree-label u-field-label\">\n                <a class=\"u-active-none u-border-none u-btn u-button-link u-button-style u-hover-none u-none u-text-palette-1-base u-btn-1\" href=\"#\" data-lang-es=\"{&quot;content&quot;:&quot;T\u00e9rminos de servicio&quot;,&quot;href&quot;:&quot;#&quot;}\" data-lang-eu=\"{&quot;content&quot;:&quot;Zerbitzu-baildintzak&quot;,&quot;href&quot;:&quot;#&quot;}\">Zerbitzu-baildintzak<\/a>&nbsp;onesten ditut\n              <\/label>\n            <\/div>\n            <div class=\"u-align-center u-form-group u-form-submit\">\n              <a href=\"#\" class=\"u-border-2 u-border-custom-color-2 u-border-hover-custom-color-2 u-btn u-btn-round u-btn-submit u-button-style u-custom-color-2 u-hover-white u-radius-50 u-text-hover-custom-color-2 u-btn-2\" data-lang-es=\"{&quot;content&quot;:&quot;Enviar&quot;,&quot;href&quot;:&quot;#&quot;}\" data-lang-eu=\"{&quot;content&quot;:&quot;Bidali&quot;,&quot;href&quot;:&quot;#&quot;}\">Bidali<\/a>\n              <input type=\"submit\" value=\"submit\" class=\"u-form-control-hidden\">\n            <\/div>\n            <div class=\"u-form-send-message u-form-send-success\" data-lang-es=\"            Gracias! Tu mensaje ha sido enviado.        \" data-lang-eu=\"            Gracias! Tu mensaje ha sido enviado.        \"> Gracias! Tu mensaje ha sido enviado. <\/div>\n            <div class=\"u-form-send-error u-form-send-message\" data-lang-es=\"            No se puede enviar su mensaje. Por favor, corrija los errores y vuelva a intentarlo.        \" data-lang-eu=\"            No se puede enviar su mensaje. Por favor, corrija los errores y vuelva a intentarlo.        \"> No se puede enviar su mensaje. Por favor, corrija los errores y vuelva a intentarlo. <\/div>\n            <input type=\"hidden\" value=\"\" name=\"recaptchaResponse\">\n            <input type=\"hidden\" name=\"formServices\" value=\"e2c0ba420328958be6db792698322798\">\n            <input type=\"hidden\" name=\"siteKey\" value=\"6LcLvOIlAAAAACrJvXnRUXlogwJeH0-qbHU4A3at\">\n          <\/form>\n        <\/div>\n        <h4 class=\"u-align-center u-text u-text-default u-text-3\" data-lang-es=\"o si le prefieres ponte en contacto con nosotros por los siguientes medios<br>\" data-lang-eu=\"o si le prefieres ponte en contacto con nosotros por los siguientes medios<br>\">o si le prefieres ponte en contacto con nosotros por los siguientes medios<br>\n        <\/h4>\n      <\/div>\n    <\/section>","protected":false},"excerpt":{"rendered":"<p>Festas eta ekintzas ASPANOGIri laguntzeko Gurekin festa edo ekintzaren bat partekatu nahi duzu? Ospatu gurekin zure ezkontza, jaunartzea, bataioa, urtebetetzea, etab. eta harritu zure gonbidatuak denboran iraungo duen xehetasun polit batekin: Zure elkartasuna. Zure ospakizuna are aukera bereziagoa izan dadin, solidarioa izan dadin, eta minbizia duten Gipuzkoako haur askori gaixotasuna gainditzen lagunduko diezu. Idatz iezaguzu &hellip; <a href=\"https:\/\/ASPANOGI-qecodgqk4p.live-website.com\/es\/bodas-y-celebraciones-2\/\" class=\"more-link\">Continue reading<span class=\"screen-reader-text\"> &#8220;Bodas y celebraciones&#8221;<\/span><\/a><\/p>","protected":false},"author":1,"featured_media":0,"parent":0,"menu_order":20,"comment_status":"closed","ping_status":"closed","template":"","meta":{"_eb_attr":"","footnotes":""},"class_list":["post-538","page","type-page","status-publish","hentry"],"jetpack_sharing_enabled":true,"_links":{"self":[{"href":"https:\/\/ASPANOGI-qecodgqk4p.live-website.com\/es\/wp-json\/wp\/v2\/pages\/538","targetHints":{"allow":["GET"]}}],"collection":[{"href":"https:\/\/ASPANOGI-qecodgqk4p.live-website.com\/es\/wp-json\/wp\/v2\/pages"}],"about":[{"href":"https:\/\/ASPANOGI-qecodgqk4p.live-website.com\/es\/wp-json\/wp\/v2\/types\/page"}],"author":[{"embeddable":true,"href":"https:\/\/ASPANOGI-qecodgqk4p.live-website.com\/es\/wp-json\/wp\/v2\/users\/1"}],"replies":[{"embeddable":true,"href":"https:\/\/ASPANOGI-qecodgqk4p.live-website.com\/es\/wp-json\/wp\/v2\/comments?post=538"}],"version-history":[{"count":1,"href":"https:\/\/ASPANOGI-qecodgqk4p.live-website.com\/es\/wp-json\/wp\/v2\/pages\/538\/revisions"}],"predecessor-version":[{"id":563,"href":"https:\/\/ASPANOGI-qecodgqk4p.live-website.com\/es\/wp-json\/wp\/v2\/pages\/538\/revisions\/563"}],"wp:attachment":[{"href":"https:\/\/ASPANOGI-qecodgqk4p.live-website.com\/es\/wp-json\/wp\/v2\/media?parent=538"}],"curies":[{"name":"wp","href":"https:\/\/api.w.org\/{rel}","templated":true}]}}