{"id":539,"date":"2023-07-04T11:07:44","date_gmt":"2023-07-04T11:07:44","guid":{"rendered":"https:\/\/ASPANOGI-qecodgqk4p.live-website.com\/donacion-medula-2\/"},"modified":"2023-07-04T11:07:52","modified_gmt":"2023-07-04T11:07:52","slug":"donacion-medula-2","status":"publish","type":"page","link":"https:\/\/ASPANOGI-qecodgqk4p.live-website.com\/es\/donacion-medula-2\/","title":{"rendered":"Donaci\u00f3n m\u00e9dula"},"content":{"rendered":"<section class=\"u-clearfix u-section-1\" id=\"sec-430b\">\n      <div class=\"u-clearfix u-sheet u-valign-middle-xs u-sheet-1\">\n        <img decoding=\"async\" class=\"u-expanded-width-xs u-image u-image-contain u-image-default u-image-1\" src=\"https:\/\/ASPANOGI-qecodgqk4p.live-website.com\/wp-content\/uploads\/2023\/07\/1528822490-0.png\" alt=\"\" data-image-width=\"5000\" data-image-height=\"2500\" data-lang-es=\"\" data-lang-eu=\"\">\n        <h2 class=\"u-text u-text-default u-text-1\" data-lang-es=\"DONACI\u00d3N DE M\u00c9DULA\" data-lang-eu=\"MUIN DOHAINTZA\">MUIN DOHAINTZA<\/h2>\n      <\/div>\n    <\/section>\n    <section class=\"u-clearfix u-section-2\" id=\"sec-1b62\">\n      <div class=\"u-clearfix u-sheet u-valign-middle-lg u-valign-middle-md u-valign-middle-sm u-valign-middle-xl u-sheet-1\">\n        <h2 class=\"u-align-center-xs u-text u-text-1\" data-lang-es=\"<span class=&quot;u-text-custom-color-7&quot;>\u200b\u00bfQu\u00e9 es la donaci\u00f3n de m\u00e9dula \u00f3sea?&amp;nbsp;<\/span><br><br><span style=&quot;font-size: 1.5rem;&quot;>Consiste en sustituir las c\u00e9lulas enfermas de una persona con enfermedades de la sangre por c\u00e9lulas sanas de una persona donante.Estas c\u00e9lulas, llamadas c\u00e9lulas madre o progenitores hematopoy\u00e9ticos, se encuentran en el interior de algunos huesos como las crestas il\u00edacas (hueso de la cadera), a lo que se denomina m\u00e9dula \u00f3sea.La donaci\u200b\u00f3n de m\u00e9dula \u00f3sea es un programa de salud prioritario en Osakidetza ya que muchas personas necesitan un trasplante como \u00fanica opci\u00f3n para superar la enfermedad.<\/span>\" data-lang-eu=\"<span class=&quot;u-text-custom-color-7&quot;>\u200b\u200b<\/span><span class=&quot;u-text-custom-color-7&quot;>Zer da hezur-muina ematea?<\/span><br><br><span style=&quot;font-size: 1.625rem;&quot;>Odoleko gaixotasunak dituen pertsona baten zelula gaixoak emaile baten zelula osasuntsuekin ordezkatzean datza.Zelula horiek, zelula ama edo guraso hematopoietiko deituak, hezur batzuen barnean daude, gandor iliakoak kasu (aldakako hezurra), hezur-muina deritzona.Hezur-muina ematea lehentasunezko osasun-programa da Osakidetzan, pertsona askok transplante bat behar baitute gaixotasuna gainditzeko aukera bakar gisa.<\/span>\">\n          <span class=\"u-text-custom-color-7\"><\/span>\n          <span class=\"u-text-custom-color-7\">Zer da hezur-muina ematea?<\/span>\n          <br>\n          <br>\n          <span style=\"font-size: 1.625rem;\">Odoleko gaixotasunak dituen pertsona baten zelula gaixoak emaile baten zelula osasuntsuekin ordezkatzean datza.Zelula horiek, zelula ama edo guraso hematopoietiko deituak, hezur batzuen barnean daude, gandor iliakoak kasu (aldakako hezurra), hezur-muina deritzona.Hezur-muina ematea lehentasunezko osasun-programa da Osakidetzan, pertsona askok transplante bat behar baitute gaixotasuna gainditzeko aukera bakar gisa.<\/span>\n        <\/h2>\n        <img decoding=\"async\" class=\"u-expanded-width-xs u-image u-image-contain u-image-default u-preserve-proportions u-image-1\" src=\"https:\/\/ASPANOGI-qecodgqk4p.live-website.com\/wp-content\/uploads\/2023\/07\/donacionmedula.jpg\" alt=\"\" data-image-width=\"500\" data-image-height=\"500\" data-lang-es=\"\" data-lang-eu=\"\">\n      <\/div>\n    <\/section>\n    <section class=\"u-clearfix u-section-3\" id=\"sec-f97a\">\n      <div class=\"u-clearfix u-sheet u-valign-middle-lg u-valign-middle-md u-valign-middle-sm u-valign-middle-xl u-sheet-1\">\n        <h2 class=\"u-align-center-xs u-text u-text-1\" data-lang-es=\"\u200b<span class=&quot;u-text-custom-color-7&quot; style=&quot;font-size: 1.875rem;&quot;>\u00bfC\u00f3mo puedes hacerte&amp;nbsp;donante en Euskadi?<\/span><span style=&quot;font-size: 1.875rem;&quot;><br><\/span><br><span style=&quot;font-size: 1.5rem;&quot;>Lo primero que debes hacer es<span class=&quot;u-text-custom-color-2&quot;>&amp;nbsp;<span class=&quot;u-text-black&quot;>informarte en la<\/span> <a href=&quot;https:\/\/www.osakidetza.euskadi.eus\/contenidos\/informacion\/osk_cvttyh_dona_medula_osea\/es_def\/adjuntos\/medula-osea-es_guia.pdf&quot; class=&quot;u-active-none u-block-d762-4 u-border-none u-btn u-button-link u-button-style u-hover-none u-none u-text-custom-color-2&quot; style=&quot;background-image: none; padding-top: 0; padding-bottom: 0; padding-left: 0; padding-right: 0&quot;>Gu\u00eda Donante<\/a><\/span>; y si quieres da\u200br el paso, Osakidetza tiene definido un procedimiento sencillo que consiste en registrarse como donante universal en su <a href=&quot;https:\/\/euskadi.medulaosea.org\/inscr\/1\/&quot; class=&quot;u-active-none u-block-d762-5 u-border-none u-btn u-button-link u-button-style u-hover-none u-none u-text-custom-color-2&quot; style=&quot;background-image: none; padding-top: 0; padding-bottom: 0; padding-left: 0; padding-right: 0&quot;>p\u00e1gina web<\/a>.Posteriormente se concierta una cita con el Servicio de Coordinaci\u00f3n de Trasplante o el Centro Vasco de Transfusi\u00f3n y Tejidos Humanos de Osakidetza para solventar dudas, hacer un an\u00e1lisis de sangre y firmar el consentimiento.A partir de este momento, formar\u00e1s parte del Registro Estatal de donantes de m\u00e9dula para cualquier persona del mundo que lo necesite.<\/span>\" data-lang-eu=\"<span class=&quot;u-text-custom-color-7&quot;>\u200b\u200bNola egin zaitezke emaile Euskadin?<\/span><br><br><span style=&quot;font-size: 1.625rem;&quot;>Lehenik eta behin, informazioa jaso behar da <span class=&quot;u-text-custom-color-2&quot; data-block-type=&quot;&quot;><a href=&quot;https:\/\/www.osakidetza.euskadi.eus\/contenidos\/informacion\/osk_cvttyh_dona_medula_osea\/eu_def\/adjuntos\/medula-osea-eu_guia.pdf&quot; class=&quot;u-btn u-button-style u-none u-hover-none u-active-none u-border-none u-block-control u-button-link u-text-custom-color-2 u-btn-1&quot; data-block=&quot;342&quot; style=&quot;background-image: none; padding: 0px;&quot; data-block-type=&quot;Button,TextButton&quot;>Gida Emailean<\/a><\/span>; eta, hurrengo pausoa eman nahi baduzu, Osakidetzak prozedura erraz bat dauka zehaztuta: <a href=&quot;https:\/\/euskadi.medulaosea.org\/inscr\/1\/&quot; class=&quot;u-btn u-button-style u-none u-hover-none u-active-none u-border-none u-block-control u-button-link u-text-palette-1-base u-btn-2&quot; data-block=&quot;344&quot; style=&quot;background-image: none; padding: 0px;&quot; data-block-type=&quot;Button,TextButton&quot;><span class=&quot;u-text-custom-color-2&quot; data-block-type=&quot;&quot;>haien web orrian<\/span>&amp;nbsp;<\/a>emaile unibertsal gisa erregistratzea.Ondoren, hitzordua hitzartzea Transplanteen Koordinazio Zerbitzuarekin edo Osakidetzako Transfusio eta Giza Ehunen Euskal Zentroarekin, zalantzak argitzeko, odol-analisia egiteko eta baimena sinatzeko.Une horretatik aurrera, hezur-muineko emaileen erregistro estatalean sartuko zara, behar duen munduko edozein pertsonarentzat.<\/span>\">\n          <span class=\"u-text-custom-color-7\"> Nola egin zaitezke emaile Euskadin?<\/span>\n          <br>\n          <br>\n          <span style=\"font-size: 1.625rem;\">Lehenik eta behin, informazioa jaso behar da <span class=\"u-text-custom-color-2\">\n              <a href=\"https:\/\/www.osakidetza.euskadi.eus\/contenidos\/informacion\/osk_cvttyh_dona_medula_osea\/eu_def\/adjuntos\/medula-osea-eu_guia.pdf\" class=\"u-active-none u-border-none u-btn u-button-link u-button-style u-hover-none u-none u-text-custom-color-2 u-btn-1\">Gida Emailean<\/a>\n            <\/span>; eta, hurrengo pausoa eman nahi baduzu, Osakidetzak prozedura erraz bat dauka zehaztuta: <a href=\"https:\/\/euskadi.medulaosea.org\/inscr\/1\/\" class=\"u-active-none u-border-none u-btn u-button-link u-button-style u-hover-none u-none u-text-palette-1-base u-btn-2\">\n              <span class=\"u-text-custom-color-2\">haien web orrian<\/span>&nbsp;\n            <\/a>emaile unibertsal gisa erregistratzea.Ondoren, hitzordua hitzartzea Transplanteen Koordinazio Zerbitzuarekin edo Osakidetzako Transfusio eta Giza Ehunen Euskal Zentroarekin, zalantzak argitzeko, odol-analisia egiteko eta baimena sinatzeko.Une horretatik aurrera, hezur-muineko emaileen erregistro estatalean sartuko zara, behar duen munduko edozein pertsonarentzat.\n          <\/span>\n        <\/h2>\n        <div class=\"u-video u-video-1\">\n          <div class=\"embed-responsive embed-responsive-1\">\n            <iframe style=\"position: absolute;top: 0;left: 0;width: 100%;height: 100%;\" class=\"embed-responsive-item\" src=\"https:\/\/www.youtube.com\/embed\/QlsTCSCHCPs?mute=0&amp;showinfo=0&amp;controls=0&amp;start=0\" frameborder=\"0\" allowfullscreen=\"\"><\/iframe>\n          <\/div>\n        <\/div>\n      <\/div>\n    <\/section>","protected":false},"excerpt":{"rendered":"<p>MUIN DOHAINTZA Zer da hezur-muina ematea? Odoleko gaixotasunak dituen pertsona baten zelula gaixoak emaile baten zelula osasuntsuekin ordezkatzean datza.Zelula horiek, zelula ama edo guraso hematopoietiko deituak, hezur batzuen barnean daude, gandor iliakoak kasu (aldakako hezurra), hezur-muina deritzona.Hezur-muina ematea lehentasunezko osasun-programa da Osakidetzan, pertsona askok transplante bat behar baitute gaixotasuna gainditzeko aukera bakar gisa. Nola egin &hellip; <a href=\"https:\/\/ASPANOGI-qecodgqk4p.live-website.com\/es\/donacion-medula-2\/\" class=\"more-link\">Continue reading<span class=\"screen-reader-text\"> &#8220;Donaci\u00f3n m\u00e9dula&#8221;<\/span><\/a><\/p>","protected":false},"author":1,"featured_media":0,"parent":0,"menu_order":21,"comment_status":"closed","ping_status":"closed","template":"","meta":{"_eb_attr":"","footnotes":""},"class_list":["post-539","page","type-page","status-publish","hentry"],"jetpack_sharing_enabled":true,"_links":{"self":[{"href":"https:\/\/ASPANOGI-qecodgqk4p.live-website.com\/es\/wp-json\/wp\/v2\/pages\/539","targetHints":{"allow":["GET"]}}],"collection":[{"href":"https:\/\/ASPANOGI-qecodgqk4p.live-website.com\/es\/wp-json\/wp\/v2\/pages"}],"about":[{"href":"https:\/\/ASPANOGI-qecodgqk4p.live-website.com\/es\/wp-json\/wp\/v2\/types\/page"}],"author":[{"embeddable":true,"href":"https:\/\/ASPANOGI-qecodgqk4p.live-website.com\/es\/wp-json\/wp\/v2\/users\/1"}],"replies":[{"embeddable":true,"href":"https:\/\/ASPANOGI-qecodgqk4p.live-website.com\/es\/wp-json\/wp\/v2\/comments?post=539"}],"version-history":[{"count":1,"href":"https:\/\/ASPANOGI-qecodgqk4p.live-website.com\/es\/wp-json\/wp\/v2\/pages\/539\/revisions"}],"predecessor-version":[{"id":564,"href":"https:\/\/ASPANOGI-qecodgqk4p.live-website.com\/es\/wp-json\/wp\/v2\/pages\/539\/revisions\/564"}],"wp:attachment":[{"href":"https:\/\/ASPANOGI-qecodgqk4p.live-website.com\/es\/wp-json\/wp\/v2\/media?parent=539"}],"curies":[{"name":"wp","href":"https:\/\/api.w.org\/{rel}","templated":true}]}}