{"id":540,"date":"2023-07-04T11:07:45","date_gmt":"2023-07-04T11:07:45","guid":{"rendered":"https:\/\/ASPANOGI-qecodgqk4p.live-website.com\/evento-solidario-2\/"},"modified":"2023-07-04T11:07:52","modified_gmt":"2023-07-04T11:07:52","slug":"evento-solidario-2","status":"publish","type":"page","link":"https:\/\/ASPANOGI-qecodgqk4p.live-website.com\/es\/evento-solidario-2\/","title":{"rendered":"Evento solidario"},"content":{"rendered":"<section class=\"u-clearfix u-image u-section-1\" id=\"sec-13ee\" data-image-width=\"1024\" data-image-height=\"683\" style=\"background-image: url(&quot;https:\/\/ASPANOGI-qecodgqk4p.live-website.com\/wp-content\/uploads\/2023\/07\/PlazaConstiDonostiailuminado.jpg&quot;);\">\n      <div class=\"u-clearfix u-sheet u-sheet-1\"><\/div>\n    <\/section>\n    <section class=\"u-clearfix u-section-2\" id=\"sec-60d6\">\n      <div class=\"u-clearfix u-sheet u-sheet-1\">\n        <h2 class=\"u-text u-text-default u-text-1\" data-lang-es=\"EVENTO SOLIDARIO\" data-lang-eu=\"EKITALDI SOLIDARIOA\">EKITALDI SOLIDARIOA<\/h2>\n        <h3 class=\"u-align-center-xs u-text u-text-default-lg u-text-default-md u-text-default-sm u-text-default-xl u-text-2\" data-lang-eu=\"Ekintza solidario bat antolatu nahi duzu eta ez dakizu&amp;nbsp; norentzat egin?\" data-lang-es=\"\u00bfQui\u00e9res realizar un evento solidario y no sabes a qu\u00e9 destinarlo?&amp;nbsp;<br>\">Ekintza solidario bat antolatu nahi duzu eta ez dakizu&nbsp; norentzat egin?<\/h3>\n        <h3 class=\"u-align-center u-text u-text-3\" data-lang-eu=\"ASPANOGIn minbizia duten Gipuzkoako adingabe eta nerabeen eta haien senideen bizi-kalitatea hobetzeko erabiltzen ditugu laguntza guztiak.<br><br>Horrelako ekitaldi edo ekintza bat egiteko erabakia hartu eta nola egin zalantza baduzu, ASPANOGIrekin harremanetan jarri eta guk ideia eraginkor batean pentsatzen lagunduko dizugu.\" data-lang-es=\"\u200bEn ASPANOGI destinamos todas las ayudas a mejorar la calidad de vida de los y las menores y adolescentes con c\u00e1ncer de Gipuzkoa as\u00ed como a sus familiares.&amp;nbsp;<br><br>Si est\u00e1s decidido o decidida a realizar un evento o acto de este tipo y tienes dudas de como hacerlo, no dudes en contactar con ASPANOGI, nosotros te ayudaremos a pensar en una idea efectiva.<br>\">ASPANOGIn minbizia duten Gipuzkoako adingabe eta nerabeen eta haien senideen bizi-kalitatea hobetzeko erabiltzen ditugu laguntza guztiak. <br>\n          <br>Horrelako ekitaldi edo ekintza bat egiteko erabakia hartu eta nola egin zalantza baduzu, ASPANOGIrekin harremanetan jarri eta guk ideia eraginkor batean pentsatzen lagunduko dizugu.\n        <\/h3>\n      <\/div>\n    <\/section>\n    <section class=\"u-clearfix u-palette-5-light-2 u-section-3\" id=\"carousel_d986\">\n      <div class=\"u-expanded-width u-shape u-shape-rectangle u-white u-shape-1\"><\/div>\n      <div class=\"u-clearfix u-gutter-100 u-layout-wrap u-layout-wrap-1\">\n        <div class=\"u-layout\">\n          <div class=\"u-layout-row\">\n            <div class=\"u-size-20\">\n              <div class=\"u-layout-col\">\n                <div class=\"u-align-center u-container-style u-grey-5 u-layout-cell u-radius-50 u-shape-round u-size-60 u-layout-cell-1\" data-animation-name=\"\" data-animation-duration=\"0\" data-animation-delay=\"0\" data-animation-direction=\"\">\n                  <div class=\"u-border-10 u-border-custom-color-2 u-container-layout u-valign-middle u-container-layout-1\">\n                    <p class=\"u-text u-text-1\" data-lang-es=\"DIFUNDIR Y DAR A CONOCER EL NOMBRE DE ASPANOGI\" data-lang-eu=\"\u200bASPANOGIREN IZENA ZABALTZEA ETA EZAGUTARAZTEA\"> ASPANOGIREN IZENA ZABALTZEA ETA EZAGUTARAZTEA<\/p>\n                  <\/div>\n                <\/div>\n              <\/div>\n            <\/div>\n            <div class=\"u-size-20\">\n              <div class=\"u-layout-col\">\n                <div class=\"u-align-center u-container-style u-layout-cell u-radius-50 u-shape-round u-size-60 u-white u-layout-cell-2\">\n                  <div class=\"u-border-10 u-border-custom-color-2 u-container-layout u-valign-middle-lg u-valign-middle-md u-valign-middle-sm u-valign-middle-xl u-valign-top-xs u-container-layout-2\">\n                    <p class=\"u-text u-text-black u-text-2\" data-lang-es=\"AYUDAR A VISIBILIZAR EL C\u00c1NCER INFANTIL Y ADOLESCENTE\" data-lang-eu=\"\u200bHAURREN ETA NERABEEN MINBIZIA IKUSARAZTEN LAGUNTZEA\"> HAURREN ETA NERABEEN MINBIZIA IKUSARAZTEN LAGUNTZEA<\/p>\n                  <\/div>\n                <\/div>\n              <\/div>\n            <\/div>\n            <div class=\"u-size-20\">\n              <div class=\"u-layout-col\">\n                <div class=\"u-align-center u-container-style u-layout-cell u-radius-50 u-shape-round u-size-60 u-white u-layout-cell-3\">\n                  <div class=\"u-border-10 u-border-custom-color-2 u-container-layout u-valign-middle-lg u-valign-middle-md u-valign-middle-sm u-valign-middle-xl u-valign-top-xs u-container-layout-3\">\n                    <p class=\"u-text u-text-3\" data-lang-es=\"TRATO DIRECTO PARA DECIDIR E IDEAR EL EVENTO\/ACTIVIDAD\" data-lang-eu=\"\u200bZUZENEKO TRATUA EKITALDIA\/JARDUERA ERABAKITZEKO ETA AURRERA ERAMATEKO\"> ZUZENEKO TRATUA EKITALDIA\/JARDUERA ERABAKITZEKO ETA AURRERA ERAMATEKO<\/p>\n                  <\/div>\n                <\/div>\n              <\/div>\n            <\/div>\n          <\/div>\n        <\/div>\n      <\/div>\n    <\/section>\n    <section class=\"u-align-center u-clearfix u-white u-section-4\" id=\"carousel_0de0\">\n      <div class=\"u-clearfix u-sheet u-sheet-1\">\n        <h2 class=\"u-align-center u-text u-text-default-lg u-text-default-md u-text-default-sm u-text-default-xl u-text-1\" data-lang-es=\"\u200bCUENTANOS TU IDEA\" data-lang-eu=\"ZURE IDEIA ADIERAZI\">ZURE IDEIA ADIERAZI<\/h2>\n        <div class=\"u-border-10 u-border-custom-color-2 u-form u-radius-10 u-white u-form-1\">\n          <form action=\"https:\/\/forms.nicepagesrv.com\/v2\/form\/process\" class=\"u-clearfix u-form-spacing-26 u-form-vertical u-inner-form\" source=\"email\" name=\"form\" style=\"padding: 9px;\">\n            <h4 class=\"u-align-left u-form-group u-form-text u-label-top u-text u-text-custom-color-2 u-text-2\" data-lang-es=\"INFORMACI\u00d3N PERSONAL\" data-lang-eu=\"INFORMAZIO PERTSONALA\">INFORMAZIO PERTSONALA<\/h4>\n            <div class=\"u-form-group u-form-name u-label-top\">\n              <label class=\"u-form-control-hidden u-label\" data-lang-es=\"\" data-lang-eu=\"\"><\/label>\n              <input type=\"text\" placeholder=\"Izen abizenak*\" id=\"name-4c18\" name=\"name\" class=\"u-border-2 u-border-grey-10 u-grey-10 u-input u-input-rectangle u-radius-10\" required=\"\" data-lang-es=\"Nombre y Apellidos\" data-lang-eu=\"Izen abizenak*\">\n            <\/div>\n            <div class=\"u-form-email u-form-group u-label-top\">\n              <label class=\"u-form-control-hidden u-label\" data-lang-es=\"\" data-lang-eu=\"\"><\/label>\n              <input type=\"email\" placeholder=\"Posta elektronikoa*\" id=\"email-4c18\" name=\"email\" class=\"u-border-2 u-border-grey-10 u-grey-10 u-input u-input-rectangle u-radius-10\" required=\"\" data-lang-es=\"Correo electr\u00f3nico\" data-lang-eu=\"Posta elektronikoa*\">\n            <\/div>\n            <div class=\"u-form-group u-label-top u-form-group-4\">\n              <label class=\"u-form-control-hidden u-label\" data-lang-eu=\"Entrada\" data-lang-es=\"Entrada\">Entrada<\/label>\n              <input type=\"text\" placeholder=\"Telefono zenbakia\" id=\"text-f623\" name=\"telefono\" class=\"u-border-2 u-border-grey-10 u-grey-10 u-input u-input-rectangle u-radius-10\" data-lang-eu=\"Telefono zenbakia\" data-lang-es=\"Tel\u00e9fono\">\n            <\/div>\n            <p class=\"u-align-left u-form-group u-form-text u-label-top u-text u-text-custom-color-2 u-text-3\" data-lang-eu=\"    ZEIN DA ZURE IDEIA?\" data-lang-es=\"\u00bfCUAL ES TU IDEA?\"> ZEIN DA ZURE IDEIA?<\/p>\n            <div class=\"u-form-group u-form-message u-label-top\">\n              <label class=\"u-label\" data-lang-es=\"Tipo de actividad, ubicaci\u00f3n, fecha...\" data-lang-eu=\"Jarduera \/ Ekitaldi mota\">Jarduera \/ Ekitaldi mota<\/label>\n              <textarea placeholder=\"Zertan pentsatzen zabiltza?\" id=\"message-4c18\" name=\"message\" class=\"u-border-2 u-border-grey-10 u-grey-10 u-input u-input-rectangle u-radius-10\" required=\"\" data-lang-es=\"\u00bfQu\u00e9 tienes pensado?\" data-lang-eu=\"Zertan pentsatzen zabiltza?\"><\/textarea>\n            <\/div>\n            <div class=\"u-form-group u-label-top u-form-group-7\">\n              <label class=\"u-label\" data-lang-eu=\"Entrada\" data-lang-es=\"Representaci\u00f3n\">Norbaiten ordezkari zara?<\/label>\n              <input type=\"text\" id=\"text-9e6f\" name=\"text\" class=\"u-border-2 u-border-grey-10 u-grey-10 u-input u-input-rectangle u-radius-10\" data-lang-eu=\"Intituci\u00f3n, empresa, colectivo...\" placeholder=\"Empresa, kolektibo, erakunde...\" data-lang-es=\"Intituci\u00f3n, empresa, colectivo...\">\n            <\/div>\n            <div class=\"u-form-agree u-form-group u-label-top u-form-group-8\">\n              <label class=\"u-field-label\"><\/label>\n              <input type=\"checkbox\" id=\"agree-a472\" name=\"agree\" class=\"u-agree-checkbox u-field-input\" required=\"\">\n              <label for=\"agree-a472\" class=\"u-agree-label u-block-5611-22 u-field-label\" style=\"\">\n                <a href=\"#\">Pribatasun politika<\/a>&nbsp;onartzen dut<br>\n              <\/label>\n            <\/div>\n            <div class=\"u-align-center u-form-group u-form-submit u-label-top\">\n              <a href=\"#\" class=\"u-active-custom-color-4 u-border-5 u-border-active-custom-color-2 u-border-custom-color-2 u-border-hover-custom-color-2 u-btn u-btn-round u-btn-submit u-button-style u-custom-color-2 u-hover-white u-radius-10 u-text-active-grey-5 u-text-hover-custom-color-2 u-btn-1\" data-lang-es=\"{&quot;content&quot;:&quot;Enviar informaci\u00f3n&quot;,&quot;href&quot;:&quot;#&quot;}\" data-lang-eu=\"{&quot;content&quot;:&quot;Enviar informaci\u00f3n&quot;,&quot;href&quot;:&quot;#&quot;}\">Informazioa bidali<\/a>\n              <input type=\"submit\" value=\"submit\" class=\"u-form-control-hidden\">\n            <\/div>\n            <div class=\"u-form-send-message u-form-send-success\" data-lang-es=\"Tu mensaje se ha enviado con exito, le contestaremos con la mayor brevedad\" data-lang-eu=\"Tu mensaje se ha enviado con exito, le contestaremos con la mayor brevedad\">Tu mensaje se ha enviado con exito, le contestaremos con la mayor brevedad<\/div>\n            <div class=\"u-form-send-error u-form-send-message\" data-lang-es=\"Unable to send your message. Please fix errors then try again.\" data-lang-eu=\"Unable to send your message. Please fix errors then try again.\">Unable to send your message. Please fix errors then try again.<\/div>\n            <input type=\"hidden\" value=\"\" name=\"recaptchaResponse\">\n            <input type=\"hidden\" name=\"formServices\" value=\"e2c0ba420328958be6db792698322798\">\n            <input type=\"hidden\" name=\"siteKey\" value=\"6LcLvOIlAAAAACrJvXnRUXlogwJeH0-qbHU4A3at\">\n          <\/form>\n        <\/div>\n      <\/div>\n    <\/section>","protected":false},"excerpt":{"rendered":"<p>EKITALDI SOLIDARIOA Ekintza solidario bat antolatu nahi duzu eta ez dakizu&nbsp; norentzat egin? ASPANOGIn minbizia duten Gipuzkoako adingabe eta nerabeen eta haien senideen bizi-kalitatea hobetzeko erabiltzen ditugu laguntza guztiak. Horrelako ekitaldi edo ekintza bat egiteko erabakia hartu eta nola egin zalantza baduzu, ASPANOGIrekin harremanetan jarri eta guk ideia eraginkor batean pentsatzen lagunduko dizugu. ASPANOGIREN IZENA &hellip; <a href=\"https:\/\/ASPANOGI-qecodgqk4p.live-website.com\/es\/evento-solidario-2\/\" class=\"more-link\">Continue reading<span class=\"screen-reader-text\"> &#8220;Evento solidario&#8221;<\/span><\/a><\/p>","protected":false},"author":1,"featured_media":0,"parent":0,"menu_order":22,"comment_status":"closed","ping_status":"closed","template":"","meta":{"_eb_attr":"","footnotes":""},"class_list":["post-540","page","type-page","status-publish","hentry"],"jetpack_sharing_enabled":true,"_links":{"self":[{"href":"https:\/\/ASPANOGI-qecodgqk4p.live-website.com\/es\/wp-json\/wp\/v2\/pages\/540","targetHints":{"allow":["GET"]}}],"collection":[{"href":"https:\/\/ASPANOGI-qecodgqk4p.live-website.com\/es\/wp-json\/wp\/v2\/pages"}],"about":[{"href":"https:\/\/ASPANOGI-qecodgqk4p.live-website.com\/es\/wp-json\/wp\/v2\/types\/page"}],"author":[{"embeddable":true,"href":"https:\/\/ASPANOGI-qecodgqk4p.live-website.com\/es\/wp-json\/wp\/v2\/users\/1"}],"replies":[{"embeddable":true,"href":"https:\/\/ASPANOGI-qecodgqk4p.live-website.com\/es\/wp-json\/wp\/v2\/comments?post=540"}],"version-history":[{"count":1,"href":"https:\/\/ASPANOGI-qecodgqk4p.live-website.com\/es\/wp-json\/wp\/v2\/pages\/540\/revisions"}],"predecessor-version":[{"id":565,"href":"https:\/\/ASPANOGI-qecodgqk4p.live-website.com\/es\/wp-json\/wp\/v2\/pages\/540\/revisions\/565"}],"wp:attachment":[{"href":"https:\/\/ASPANOGI-qecodgqk4p.live-website.com\/es\/wp-json\/wp\/v2\/media?parent=540"}],"curies":[{"name":"wp","href":"https:\/\/api.w.org\/{rel}","templated":true}]}}