{"id":541,"date":"2023-07-04T11:07:46","date_gmt":"2023-07-04T11:07:46","guid":{"rendered":"https:\/\/ASPANOGI-qecodgqk4p.live-website.com\/quienes-somos-2\/"},"modified":"2023-07-04T11:07:52","modified_gmt":"2023-07-04T11:07:52","slug":"quienes-somos-2","status":"publish","type":"page","link":"https:\/\/ASPANOGI-qecodgqk4p.live-website.com\/es\/quienes-somos-2\/","title":{"rendered":"Quienes Somos"},"content":{"rendered":"<section class=\"u-clearfix u-section-1\" id=\"sec-71ac\">\n      <div class=\"u-clearfix u-image u-sheet u-image-1\" data-image-width=\"5000\" data-image-height=\"3484\" style=\"background-image: url(&quot;https:\/\/ASPANOGI-qecodgqk4p.live-website.com\/wp-content\/uploads\/2023\/07\/1953503334-0.jpeg&quot;);\">\n        <h2 class=\"u-text u-text-custom-color-6 u-text-default u-text-1\" data-lang-es=\"\u00bfQui\u00e9nes somos?\" data-lang-eu=\"Nor gara\">Nor gara<\/h2>\n      <\/div>\n    <\/section>\n    <section class=\"u-clearfix u-section-2\" id=\"sec-85ce\">\n      <div class=\"u-clearfix u-sheet u-sheet-1\">\n        <h4 class=\"u-align-center u-text u-text-1\" data-lang-es=\"<span class=&quot;u-text-custom-color-2&quot;>ASPANOGI <\/span>es la asociaci\u00f3n de familias con menores con c\u00e1ncer de Gipuzkoa. Una asociaci\u00f3n sin \u00e1nimo de lucro y declarada de Utilidad P\u00fablica (el 24 de abril de 2012 seg\u00fan el decreto 56\/2012 de 24 de febrero) y de Inter\u00e9s Social (el 24 de noviembre de 2015). El 20 de enero de 2017 con la Medalla al M\u00e9rito Ciudadano por parte del Excmo. Ayuntamiento de Donostia - San Sebasti\u00e1n.\" data-lang-eu=\"<span class=&quot;u-text-custom-color-2&quot;>\u200b<\/span><span class=&quot;u-text-custom-color-2&quot;>ASPANOGI<\/span> Gipuzkoako minbizia duten adingabeen familien elkartea da. Irabazi-asmorik gabeko elkartea, onura publikokoa (2012ko apirilaren 24an, otsailaren 24ko 56\/2012 Dekretuaren arabera) eta gizarte-interesekoa (2015eko azaroaren 24an). 2017ko urtarrilaren 20an, Donostiako Udalaren Hiritar Merezimenduaren Dominarekin.\">\n          <span class=\"u-text-custom-color-2\"><\/span>\n          <span class=\"u-text-custom-color-2\">ASPANOGI<\/span> Gipuzkoako minbizia duten adingabeen familien elkartea da. Irabazi-asmorik gabeko elkartea, onura publikokoa (2012ko apirilaren 24an, otsailaren 24ko 56\/2012 Dekretuaren arabera) eta gizarte-interesekoa (2015eko azaroaren 24an). 2017ko urtarrilaren 20an, Donostiako Udalaren Hiritar Merezimenduaren Dominarekin.\n        <\/h4>\n        <img decoding=\"async\" class=\"u-image u-image-default u-image-1\" src=\"https:\/\/ASPANOGI-qecodgqk4p.live-website.com\/wp-content\/uploads\/2023\/07\/XMarchaNrdica.jpg\" alt=\"\" data-image-width=\"1200\" data-image-height=\"675\" data-lang-es=\"\" data-lang-eu=\"\">\n      <\/div>\n    <\/section>\n    <section class=\"u-align-center u-clearfix u-white u-section-3\" id=\"sec-8df6\">\n      <div class=\"u-clearfix u-sheet u-sheet-1\">\n        <h2 class=\"u-text u-text-default u-text-1\" data-lang-es=\"Los objetivos principales de <span class=&quot;u-text-custom-color-2&quot;>ASPANOGI<\/span>\" data-lang-eu=\"<span class=&quot;u-text-custom-color-2&quot;>ASPANOGI<\/span>ren helburu nagusiak\">\n          <span class=\"u-text-custom-color-2\">ASPANOGI<\/span>ren helburu nagusiak\n        <\/h2>\n        <div class=\"u-list u-list-1\">\n          <div class=\"u-repeater u-repeater-1\">\n            <div class=\"u-align-left u-container-style u-list-item u-repeater-item u-white u-list-item-1\">\n              <div class=\"u-container-layout u-similar-container u-container-layout-1\">\n                <h4 class=\"u-text u-text-custom-color-2 u-text-default u-text-2\" data-lang-es=\"Calidad\" data-lang-eu=\"Bizi-kalitatea\">Bizi-kalitatea<\/h4>\n                <p class=\"u-text u-text-default u-text-3\" data-lang-es=\"\u200bMejorar la calidad de vida del menor afectado de c\u00e1ncer y de su familia\" data-lang-eu=\"\u200bMinbizia duen adingabearen eta haren familiaren bizi-kalitatea hobetzea\"> Minbizia duen adingabearen eta haren familiaren bizi-kalitatea hobetzea<\/p>\n              <\/div>\n            <\/div>\n            <div class=\"u-align-left u-container-style u-list-item u-repeater-item u-video-cover u-white u-list-item-2\">\n              <div class=\"u-container-layout u-similar-container u-container-layout-2\">\n                <h4 class=\"u-text u-text-custom-color-2 u-text-default u-text-4\" data-lang-es=\"Sample Headline\" data-lang-eu=\"Sample Headline\">Sample Headline<\/h4>\n                <p class=\"u-text u-text-default u-text-5\" data-lang-es=\"\u200bEliminar en lo posible las barreras que surgen ante el diagn\u00f3stico y desarrollo de la enfermedad.\" data-lang-eu=\"\u200bAhal den neurrian, gaixotasuna diagnostikatzean eta garatzean sortzen diren oztopoak kentzea\"> Ahal den neurrian, gaixotasuna diagnostikatzean eta garatzean sortzen diren oztopoak kentzea<\/p>\n              <\/div>\n            <\/div>\n            <div class=\"u-align-left u-container-style u-list-item u-repeater-item u-video-cover u-white u-list-item-3\">\n              <div class=\"u-container-layout u-similar-container u-container-layout-3\">\n                <h4 class=\"u-text u-text-custom-color-2 u-text-default u-text-6\" data-lang-es=\"Atenci\u00f3n\" data-lang-eu=\"Arreta\">Arreta<\/h4>\n                <p class=\"u-text u-text-default u-text-7\" data-lang-es=\"\u200bOfrecer una atenci\u00f3n integral al menor afectado y a su familia.\" data-lang-eu=\"\u200bKaltetutako adingabeari eta haren familiari arreta integrala eskaintzea\"> Kaltetutako adingabeari eta haren familiari arreta integrala eskaintzea<\/p>\n              <\/div>\n            <\/div>\n            <div class=\"u-align-left u-container-style u-list-item u-repeater-item u-video-cover u-white u-list-item-4\">\n              <div class=\"u-container-layout u-similar-container u-container-layout-4\">\n                <h4 class=\"u-text u-text-custom-color-2 u-text-default u-text-8\" data-lang-es=\"Investigaci\u00f3n\" data-lang-eu=\"Ikerketa\">Ikerketa<\/h4>\n                <p class=\"u-text u-text-default u-text-9\" data-lang-es=\"\u200b-Fomentar la investigaci\u00f3n del c\u00e1ncer infantil: sus causas, tratamientos eficaces con menores, efectos secundarios...\" data-lang-eu=\"\u200bHaurren minbiziaren ikerketa sustatzea: kausak, adingabeekin tratamendu eraginkorrak, ondorioak...\"> Haurren minbiziaren ikerketa sustatzea: kausak, adingabeekin tratamendu eraginkorrak, ondorioak...<\/p>\n              <\/div>\n            <\/div>\n          <\/div>\n        <\/div>\n      <\/div>\n    <\/section>\n    <section class=\"u-clearfix u-section-4\" id=\"sec-3ec2\">\n      <div class=\"u-clearfix u-sheet u-sheet-1\">\n        <h2 class=\"u-align-center u-text u-text-default u-text-1\" data-lang-es=\"Para ello, la asociaci\u00f3n ofrece <span class=&quot;u-text-custom-color-2&quot;>diferentes rescursos y servicios<\/span> para conseguir sus objetivos\" data-lang-eu=\"\u200bHorretarako, familia bazkideen eskura <span class=&quot;u-text-custom-color-2&quot;>hainbat laguntza eta baliabide<\/span> jartzen ditugu helburu horietara hurbiltzeko.\"> Horretarako, familia bazkideen eskura <span class=\"u-text-custom-color-2\">hainbat laguntza eta baliabide<\/span> jartzen ditugu helburu horietara hurbiltzeko.\n        <\/h2>\n        <h2 class=\"u-align-left u-text u-text-default u-text-2\" data-lang-es=\"\u200b-<span class=&quot;u-text-custom-color-2&quot;>Atenci\u00f3n psicol\u00f3gica<\/span> al menor afectado y a su familia.&amp;nbsp;<br><br>-<span class=&quot;u-text-custom-color-2&quot;>Asistencia social<\/span>: informaci\u00f3n, orientaci\u00f3n y gesti\u00f3n de recursos.<br><br>-<span class=&quot;u-text-custom-color-2&quot;>Servicios de mejora<\/span>: estancia hospitalaria al menor afectado y a su cuidador, vales de comida diaria para el acompa\u00f1ante, voluntariado, material l\u00fadico para el menor...<br><br>-Piso de respiro &quot;<span class=&quot;u-text-custom-color-2&quot;>PIRATENEA<\/span>&quot; para las familias con un menor en tratamiento oncol\u00f3gico.<br><br>-<span class=&quot;u-text-custom-color-2&quot;>Actividades de ocio y tiempo libre<\/span>: encuentros y viajes de familiares.<br><br>-<span class=&quot;u-text-custom-color-2&quot;>Apoyo emocional<\/span> e intercambio de experiencias entre familias en la misma situaci\u00f3n.\" data-lang-eu=\"<br>\u200b-\u200bAdingabeari eta haren familiari <span class=&quot;u-text-custom-color-2&quot;>laguntza psikologikoa<\/span> ematea<br><br>-<span class=&quot;u-text-custom-color-2&quot;>Gizarte-laguntza<\/span>: informazioa, orientazioa eta baliabideen kudeaketa<br><br>-<span class=&quot;u-text-custom-color-2&quot;>Hobekuntza-zerbitzuak<\/span>: kaltetutako adingabearen eta haren zaintzailearen ospitaleko egonaldia, laguntzailearentzako eguneroko janari-txartelak, boluntarioak, adingabearentzako jolas-materiala...<br><br>- &quot;<span class=&quot;u-text-custom-color-2&quot;>PIRATENEA<\/span>&quot; arnas-etxea tratamendu onkologikoan dagoen adingabea duten familientzat<br><br>- <span class=&quot;u-text-custom-color-2&quot;>Aisialdiko eta denbora libreko<\/span> jarduerak: senideen topaketak eta bidaiak<br><br>- <span class=&quot;u-text-custom-color-2&quot;>Laguntza emozionala<\/span> eta esperientziak trukatzea egoera berean dauden familien artean\">\n          <br> -\u200bAdingabeari eta haren familiari <span class=\"u-text-custom-color-2\">laguntza psikologikoa<\/span> ematea<br>\n          <br>-<span class=\"u-text-custom-color-2\">Gizarte-laguntza<\/span>: informazioa, orientazioa eta baliabideen kudeaketa<br>\n          <br>-<span class=\"u-text-custom-color-2\">Hobekuntza-zerbitzuak<\/span>: kaltetutako adingabearen eta haren zaintzailearen ospitaleko egonaldia, laguntzailearentzako eguneroko janari-txartelak, boluntarioak, adingabearentzako jolas-materiala...<br>\n          <br>- \"<span class=\"u-text-custom-color-2\">PIRATENEA<\/span>\" arnas-etxea tratamendu onkologikoan dagoen adingabea duten familientzat<br>\n          <br>- <span class=\"u-text-custom-color-2\">Aisialdiko eta denbora libreko<\/span> jarduerak: senideen topaketak eta bidaiak<br>\n          <br>- <span class=\"u-text-custom-color-2\">Laguntza emozionala<\/span> eta esperientziak trukatzea egoera berean dauden familien artean\n        <\/h2>\n      <\/div>\n    <\/section>","protected":false},"excerpt":{"rendered":"<p>Nor gara ASPANOGI Gipuzkoako minbizia duten adingabeen familien elkartea da. Irabazi-asmorik gabeko elkartea, onura publikokoa (2012ko apirilaren 24an, otsailaren 24ko 56\/2012 Dekretuaren arabera) eta gizarte-interesekoa (2015eko azaroaren 24an). 2017ko urtarrilaren 20an, Donostiako Udalaren Hiritar Merezimenduaren Dominarekin. ASPANOGIren helburu nagusiak Bizi-kalitatea Minbizia duen adingabearen eta haren familiaren bizi-kalitatea hobetzea Sample Headline Ahal den neurrian, gaixotasuna diagnostikatzean &hellip; <a href=\"https:\/\/ASPANOGI-qecodgqk4p.live-website.com\/es\/quienes-somos-2\/\" class=\"more-link\">Continue reading<span class=\"screen-reader-text\"> &#8220;Quienes Somos&#8221;<\/span><\/a><\/p>","protected":false},"author":1,"featured_media":0,"parent":0,"menu_order":23,"comment_status":"closed","ping_status":"closed","template":"","meta":{"_eb_attr":"","footnotes":""},"class_list":["post-541","page","type-page","status-publish","hentry"],"jetpack_sharing_enabled":true,"_links":{"self":[{"href":"https:\/\/ASPANOGI-qecodgqk4p.live-website.com\/es\/wp-json\/wp\/v2\/pages\/541","targetHints":{"allow":["GET"]}}],"collection":[{"href":"https:\/\/ASPANOGI-qecodgqk4p.live-website.com\/es\/wp-json\/wp\/v2\/pages"}],"about":[{"href":"https:\/\/ASPANOGI-qecodgqk4p.live-website.com\/es\/wp-json\/wp\/v2\/types\/page"}],"author":[{"embeddable":true,"href":"https:\/\/ASPANOGI-qecodgqk4p.live-website.com\/es\/wp-json\/wp\/v2\/users\/1"}],"replies":[{"embeddable":true,"href":"https:\/\/ASPANOGI-qecodgqk4p.live-website.com\/es\/wp-json\/wp\/v2\/comments?post=541"}],"version-history":[{"count":1,"href":"https:\/\/ASPANOGI-qecodgqk4p.live-website.com\/es\/wp-json\/wp\/v2\/pages\/541\/revisions"}],"predecessor-version":[{"id":566,"href":"https:\/\/ASPANOGI-qecodgqk4p.live-website.com\/es\/wp-json\/wp\/v2\/pages\/541\/revisions\/566"}],"wp:attachment":[{"href":"https:\/\/ASPANOGI-qecodgqk4p.live-website.com\/es\/wp-json\/wp\/v2\/media?parent=541"}],"curies":[{"name":"wp","href":"https:\/\/api.w.org\/{rel}","templated":true}]}}