{"id":543,"date":"2023-07-04T11:07:48","date_gmt":"2023-07-04T11:07:48","guid":{"rendered":"https:\/\/ASPANOGI-qecodgqk4p.live-website.com\/inicio-2\/"},"modified":"2023-10-04T08:37:09","modified_gmt":"2023-10-04T08:37:09","slug":"inicio-2","status":"publish","type":"page","link":"https:\/\/ASPANOGI-qecodgqk4p.live-website.com\/es\/inicio-2\/","title":{"rendered":"Inicio"},"content":{"rendered":"<section class=\"u-align-center u-clearfix u-container-align-left-xxl u-image u-section-2\" id=\"carousel_e06e\" data-image-width=\"5000\" data-image-height=\"2500\" style=\"background-image: url(&quot;https:\/\/ASPANOGI-qecodgqk4p.live-website.com\/wp-content\/uploads\/2023\/07\/2314927695-0.png&quot;);\">\n      <div class=\"u-clearfix u-sheet u-valign-middle-xxl u-sheet-1\">\n        <h1 class=\"u-align-left u-text u-text-custom-color-3 u-text-1\" data-lang-es=\"ASPANOGI\" data-lang-eu=\"ASPANOGI\">ASPANOGI<\/h1>\n        <p class=\"u-align-center-xs u-align-left-lg u-align-left-md u-align-left-sm u-align-left-xl u-large-text u-text u-text-custom-color-5 u-text-variant u-text-2\" data-lang-es=\"DESDE 1998 ASPANOGI TRABAJA PARA MEJORAR LA CALIDAD DE VIDA DE LOS Y LAS MENORES CON C\u00c1NCER Y SUS FAMILIARES EN GIPUZKOA\" data-lang-eu=\"\u200b1998tik ASPANOGI MINBIZIA DUTEN ADINGABEEN ETA HAIEN SENIDEEN BIZI-KALITATEA HOBETZEKO LANEAN ARI DA GIPUZKOAN\"> 1998tik ASPANOGI MINBIZIA DUTEN ADINGABEEN ETA HAIEN SENIDEEN BIZI-KALITATEA HOBETZEKO LANEAN ARI DA GIPUZKOAN<\/p>\n        <a href=\"https:\/\/nicepage.com\/c\/fashion-beauty-website-templates\" class=\"u-align-left u-border-2 u-border-active-custom-color-2 u-border-custom-color-3 u-border-hover-custom-color-3 u-btn u-btn-round u-button-style u-custom-font u-font-raleway u-hover-custom-color-3 u-none u-radius-50 u-text-active-white u-text-black u-text-hover-white u-btn-1\" data-animation-name=\"\" data-animation-duration=\"0\" data-animation-delay=\"0\" data-animation-direction=\"\" data-lang-es=\"{&quot;content&quot;:&quot;+ info&quot;,&quot;href&quot;:&quot;https:\/\/ASPANOGI-qecodgqk4p.live-website.com\/quienes-somos-2\/&quot;}\" data-lang-eu=\"{&quot;content&quot;:&quot;info +&quot;,&quot;href&quot;:&quot;https:\/\/nicepage.com\/c\/fashion-beauty-website-templates&quot;}\">info +<\/a>\n      <\/div>\n      <style data-mode=\"XXL\">@media (max-width: 0px) {\n   .u-section-2 {\n    background-image: linear-gradient(0deg, rgba(0,0,0,0.1), rgba(0,0,0,0.1)), url(\"https:\/\/ASPANOGI-qecodgqk4p.live-website.com\/wp-content\/uploads\/2023\/07\/cvvcv-min.jpg\");\n    background-position: 50% 50%;\n  }\n  .u-section-2 .u-sheet-1 {\n    min-height: 702px;\n  }\n  .u-section-2 .u-text-1 {\n    margin-top: 60px;\n    margin-right: 518px;\n    margin-bottom: 0;\n    margin-left: 0;\n    font-weight: 700;\n  }\n  .u-section-2 .u-text-2 {\n    text-shadow: 2px 2px 8px rgba(0,0,0,0.4);\n    margin-top: 45px;\n    margin-right: 678px;\n    margin-bottom: 0;\n    margin-left: 0;\n  }\n  .u-block-b231-55 {\n    font-size: 1.125rem;\n    margin-top: 32px;\n    margin-right: auto;\n    margin-bottom: 0;\n    margin-left: 0;\n  }\n  .u-block-b231-56 {\n    border-style: solid;\n    padding-top: 0;\n    padding-bottom: 0;\n    padding-left: 0;\n    padding-right: 0;\n  }\n  .u-section-2 .u-btn-1 {\n    font-weight: 700;\n    text-transform: uppercase;\n    font-size: 1rem;\n    letter-spacing: 3px;\n    background-image: none;\n    border-style: solid;\n    align-self: center;\n    margin-top: 45px;\n    margin-right: auto;\n    margin-bottom: 60px;\n    margin-left: 0;\n    padding-top: 17px;\n    padding-right: 46px;\n    padding-bottom: 17px;\n    padding-left: 45px;\n  }\n  .u-block-b231-60 {\n    font-size: 1.2667em;\n    vertical-align: 0px;\n  }\n}<\/style>\n    <\/section>\n    <section class=\"u-clearfix u-section-3\" id=\"sec-f116\">\n      <div class=\"u-clearfix u-sheet u-valign-middle u-sheet-1\">\n        <h2 class=\"u-align-center u-text u-text-custom-color-2 u-text-1\" data-lang-eu=\"HASIERA\" data-lang-es=\"INICIO\">HASIERA<\/h2>\n        <h2 class=\"u-align-center u-text u-text-2\" data-lang-es=\"\u200bASPANOGI&amp;nbsp;es la Asociaci\u00f3n de familias de menores con c\u00e1ncer de Gipuzkoa. Una entidad sin \u00e1nimo de lucro que desarrolla su actividad durante todo el a\u00f1o ofreciendo atenci\u00f3n psico-social en el \u00e1mbito hospitalario y extra-hospitalario. La intervenci\u00f3n social mediante actividades de sensibilizaci\u00f3n tambi\u00e9n es un elemento clave para una intervenci\u00f3n integral en Gipuzkoa.<br><br>4 familias emprendedoras fueron las fundadoras en 1996 con el nombre de ASPANOVAS (Asociaci\u00f3n de Padres de Ni\u00f1os Oncol\u00f3gicos Vascos). La asociaci\u00f3n naci\u00f3 con la misi\u00f3n de mejorar la calidad de vida de los menores con c\u00e1ncer y sus familiares desde el momento del diagn\u00f3stico, comenzando su labor suocial en 1998 hasta el d\u00eda de hoy.\" data-lang-eu=\"\u200b\u200bASPANOGI Gipuzkoako minbizia duten adingabeen familien elkartea da. Irabazi-asmorik gabeko erakundea da, eta urte osoan zehar arreta psiko-soziala eskaintzen du ospitaleetan eta ospitalez kanpo. Sentsibilizazio-jardueren bidezko esku-hartze soziala ere funtsezko elementua da Gipuzkoan esku-hartze integrala egiteko.\u200b<br><br>4 familia ekintzaile izan ziren fundatzaileak 1996an ASPANOVAS izenarekin, Gipuzkoa eremua (Euskal Haur Onkologikoen Gurasoen Elkartea). Elkartea minbizia duten adingabeen eta haien familien bizi-kalitatea hobetzeko helburuarekin sortu zen diagnostikoaren unetik, 1998an hasi eta gaur egun arte.\"> ASPANOGI Gipuzkoako minbizia duten adingabeen familien elkartea da. Irabazi-asmorik gabeko erakundea da, eta urte osoan zehar arreta psiko-soziala eskaintzen du ospitaleetan eta ospitalez kanpo. Sentsibilizazio-jardueren bidezko esku-hartze soziala ere funtsezko elementua da Gipuzkoan esku-hartze integrala egiteko. <br>\n          <br>4 familia ekintzaile izan ziren fundatzaileak 1996an ASPANOVAS izenarekin, Gipuzkoa eremua (Euskal Haur Onkologikoen Gurasoen Elkartea). Elkartea minbizia duten adingabeen eta haien familien bizi-kalitatea hobetzeko helburuarekin sortu zen diagnostikoaren unetik, 1998an hasi eta gaur egun arte. \n        <\/h2>\n        <img decoding=\"async\" class=\"u-expanded-width-xs u-image u-image-default u-image-1\" src=\"https:\/\/ASPANOGI-qecodgqk4p.live-website.com\/wp-content\/uploads\/2023\/07\/funda.jpg\" alt=\"\" data-image-width=\"629\" data-image-height=\"524\" data-lang-es=\"\" data-lang-eu=\"\">\n      <\/div>\n    <\/section>\n    <section class=\"u-align-center u-clearfix u-section-4\" id=\"sec-2ce6\">\n      <div class=\"u-clearfix u-sheet u-valign-middle-lg u-valign-middle-md u-valign-middle-sm u-valign-middle-xl u-sheet-1\">\n        <h2 class=\"u-text u-text-custom-color-2 u-text-1\" data-lang-es=\"ALGUNAS AYUDAS DEL A\u00d1O 2022\" data-lang-eu=\"2022KO LAGUNTZA BATZUK\">2022KO LAGUNTZA BATZUK<\/h2>\n        <div class=\"u-expanded-width u-list u-list-1\">\n          <div class=\"u-repeater u-repeater-1\">\n            <div class=\"u-align-center u-container-style u-list-item u-repeater-item\">\n              <div class=\"u-container-layout u-similar-container u-container-layout-1\">\n                <h5 class=\"u-text u-text-2\" data-lang-es=\"NUEVAS FAMILIAS ACOGIDAS\" data-lang-eu=\"FAMILIA BAZKIDE BERRIAK\">FAMILIA BAZKIDE BERRIAK<\/h5>\n                <h1 class=\"u-text u-text-custom-color-2 u-title u-text-3\" data-animation-name=\"counter\" data-animation-event=\"scroll\" data-animation-duration=\"3000\" data-lang-es=\"18\" data-lang-eu=\"18\">18<\/h1>\n              <\/div>\n            <\/div>\n            <div class=\"u-align-center u-container-style u-list-item u-repeater-item\">\n              <div class=\"u-container-layout u-similar-container u-container-layout-2\">\n                <h5 class=\"u-text u-text-4\" data-lang-es=\"ATENCI\u00d3N SOCIAL\" data-lang-eu=\"ARRETA SOZIALA\">ARRETA SOZIALA<\/h5>\n                <h1 class=\"u-text u-text-custom-color-2 u-title u-text-5\" data-animation-name=\"counter\" data-animation-event=\"scroll\" data-animation-duration=\"3000\" data-lang-es=\"500\" data-lang-eu=\"500\">500<\/h1>\n              <\/div>\n            <\/div>\n            <div class=\"u-align-center u-container-style u-list-item u-repeater-item\">\n              <div class=\"u-container-layout u-similar-container u-container-layout-3\">\n                <h5 class=\"u-text u-text-6\" data-lang-es=\"CONTACTOS PSICOL\u00d3GICOS\" data-lang-eu=\"KONTAKTU PSIKOLOGIKOA\">KONTAKTU PSIKOLOGIKOA<\/h5>\n                <h1 class=\"u-text u-text-custom-color-2 u-title u-text-7\" data-animation-name=\"counter\" data-animation-event=\"scroll\" data-animation-duration=\"3000\" data-lang-es=\"772\" data-lang-eu=\"772\">772<\/h1>\n              <\/div>\n            <\/div>\n            <div class=\"u-align-center u-container-style u-list-item u-repeater-item\">\n              <div class=\"u-container-layout u-similar-container u-container-layout-4\">\n                <h5 class=\"u-text u-text-8\" data-lang-es=\"VALES DE COMIDA\" data-lang-eu=\"BAZKARI TICKETAK\">BAZKARI TICKETAK<\/h5>\n                <h1 class=\"u-text u-text-custom-color-2 u-title u-text-9\" data-animation-name=\"counter\" data-animation-event=\"scroll\" data-animation-duration=\"3000\" data-lang-es=\"421\" data-lang-eu=\"421<br>\">421<br>\n                <\/h1>\n              <\/div>\n            <\/div>\n          <\/div>\n        <\/div>\n      <\/div>\n    <\/section>","protected":false},"excerpt":{"rendered":"<p>ASPANOGI 1998tik ASPANOGI MINBIZIA DUTEN ADINGABEEN ETA HAIEN SENIDEEN BIZI-KALITATEA HOBETZEKO LANEAN ARI DA GIPUZKOAN info + HASIERA ASPANOGI Gipuzkoako minbizia duten adingabeen familien elkartea da. Irabazi-asmorik gabeko erakundea da, eta urte osoan zehar arreta psiko-soziala eskaintzen du ospitaleetan eta ospitalez kanpo. Sentsibilizazio-jardueren bidezko esku-hartze soziala ere funtsezko elementua da Gipuzkoan esku-hartze integrala egiteko. 4 &hellip; <a href=\"https:\/\/ASPANOGI-qecodgqk4p.live-website.com\/es\/inicio-2\/\" class=\"more-link\">Continue reading<span class=\"screen-reader-text\"> &#8220;Inicio&#8221;<\/span><\/a><\/p>","protected":false},"author":1,"featured_media":0,"parent":0,"menu_order":25,"comment_status":"closed","ping_status":"closed","template":"","meta":{"_eb_attr":"","footnotes":""},"class_list":["post-543","page","type-page","status-publish","hentry"],"jetpack_sharing_enabled":true,"_links":{"self":[{"href":"https:\/\/ASPANOGI-qecodgqk4p.live-website.com\/es\/wp-json\/wp\/v2\/pages\/543","targetHints":{"allow":["GET"]}}],"collection":[{"href":"https:\/\/ASPANOGI-qecodgqk4p.live-website.com\/es\/wp-json\/wp\/v2\/pages"}],"about":[{"href":"https:\/\/ASPANOGI-qecodgqk4p.live-website.com\/es\/wp-json\/wp\/v2\/types\/page"}],"author":[{"embeddable":true,"href":"https:\/\/ASPANOGI-qecodgqk4p.live-website.com\/es\/wp-json\/wp\/v2\/users\/1"}],"replies":[{"embeddable":true,"href":"https:\/\/ASPANOGI-qecodgqk4p.live-website.com\/es\/wp-json\/wp\/v2\/comments?post=543"}],"version-history":[{"count":2,"href":"https:\/\/ASPANOGI-qecodgqk4p.live-website.com\/es\/wp-json\/wp\/v2\/pages\/543\/revisions"}],"predecessor-version":[{"id":743,"href":"https:\/\/ASPANOGI-qecodgqk4p.live-website.com\/es\/wp-json\/wp\/v2\/pages\/543\/revisions\/743"}],"wp:attachment":[{"href":"https:\/\/ASPANOGI-qecodgqk4p.live-website.com\/es\/wp-json\/wp\/v2\/media?parent=543"}],"curies":[{"name":"wp","href":"https:\/\/api.w.org\/{rel}","templated":true}]}}